{"id":9930,"date":"2020-12-03T17:02:25","date_gmt":"2020-12-03T16:02:25","guid":{"rendered":"https:\/\/www.nordicflame.sk\/?page_id=9930"},"modified":"2020-12-03T17:02:25","modified_gmt":"2020-12-03T16:02:25","slug":"cookies","status":"publish","type":"page","link":"https:\/\/www.nordicflame.sk\/cs\/cookies\/","title":{"rendered":"Cookies"},"content":{"rendered":"<p>&nbsp;<\/p>\n<h2 style=\"text-align: center;\">Cookies<\/h2>\n<p style=\"text-align: center;\">Na na\u0161ej webovej str\u00e1nke pou\u017e\u00edvame cookies. Je to be\u017en\u00e1 prax webov\u00fdch str\u00e1nok. Ni\u017e\u0161ie n\u00e1jdete inform\u00e1cie o tom, ak\u00e9 cookies pou\u017e\u00edvame a ako m\u00f4\u017eete povoli\u0165 alebo zak\u00e1za\u0165 pou\u017e\u00edvanie cookies a ako ich odstr\u00e1ni\u0165.<\/p>\n<p style=\"text-align: center;\"><strong>\u010co s\u00fa cookies a na \u010do sl\u00fa\u017eia<\/strong><\/p>\n<p>Cookies s\u00fa textov\u00e9 s\u00fabory, ktor\u00e9 obsahuj\u00fa inform\u00e1cie, ktor\u00e9 sa ulo\u017eia do webov\u00e9ho prehliada\u010da V\u00e1\u0161ho po\u010d\u00edta\u010da, mobiln\u00e9ho telef\u00f3nu alebo tabletu (zariadenie) ke\u010f nav\u0161t\u00edvite na\u0161u webov\u00fa str\u00e1nku. Cookies s\u00fa n\u00e1sledne odosielan\u00e9 sp\u00e4\u0165 pri ka\u017edom \u010fal\u0161om nav\u0161t\u00edven\u00ed tejto alebo inej webovej str\u00e1nky, ktor\u00e1 tieto cookies rozozn\u00e1va.<\/p>\n<p>Cookies s\u00fa ve\u013emi prospe\u0161n\u00e9 a maj\u00fa mno\u017estvo funkci\u00ed. Umo\u017e\u0148uj\u00fa webov\u00fdm str\u00e1nkam rozozna\u0165 zariadenie, \u010do im d\u00e1 vedomos\u0165, \u010di u\u017e toto zariadenie predt\u00fdm nav\u0161t\u00edvilo t\u00fato str\u00e1nku. Umo\u017e\u0148uj\u00fa tie\u017e zapam\u00e4ta\u0165 si preferencie n\u00e1v\u0161tevn\u00edka, umo\u017e\u0148uj\u00fa pochopi\u0165 ako sa webov\u00e1 str\u00e1nka pou\u017e\u00edva a celkovo pom\u00e1haj\u00fa zlep\u0161i\u0165 u\u017e\u00edvate\u013esk\u00fa sk\u00fasenos\u0165. Cookies tie\u017e pom\u00e1haj\u00fa zabezpe\u010di\u0165, \u017ee online reklama, ktor\u00fa n\u00e1v\u0161tevn\u00edci webov\u00fdch str\u00e1nok vidia, je pre nich viac relevantn\u00e1.<\/p>\n<p style=\"text-align: center;\"><strong>Naj\u010dastej\u0161ie typy Cookies<\/strong><\/p>\n<p>Nevyhnutn\u00e9 cookies<\/p>\n<p>Tieto s\u00fabory cookie s\u00fa vo v\u0161eobecnosti potrebn\u00e9 na prehliadanie webov\u00fdch str\u00e1nok, slu\u017eieb, aplik\u00e1ci\u00ed a jednotliv\u00fdch ich prvkov. Bez nich napr\u00edklad nie je mo\u017en\u00e9 poskytova\u0165 slu\u017eby ako n\u00e1kupn\u00fd ko\u0161\u00edk, pr\u00edpadne zapam\u00e4ta\u0165 si Va\u0161e nastavenia pokia\u013e ide o povolenie alebo zak\u00e1zanie pou\u017e\u00edvania cookies.<\/p>\n<p>Analytick\u00e9\/v\u00fdkonnostn\u00e9 cookies<\/p>\n<p>Tieto s\u00fabory cookie zbieraj\u00fa \u00fadaje o tom, ako pou\u017e\u00edvate na\u0161e webov\u00e9 str\u00e1nky, napr\u00edklad \u010di ste prezerali ur\u010dit\u00fd obsah alebo ktor\u00e9 str\u00e1nky nav\u0161tevujete naj\u010dastej\u0161ie. V\u010faka t\u00fdmto \u00fadajom m\u00f4\u017eu webov\u00e9 str\u00e1nky optimalizova\u0165 a zjednodu\u0161i\u0165 ich. V\u0161etky \u00fadaje, ktor\u00e9 tieto s\u00fabory cookie zbieraj\u00fa, s\u00fa v\u00e4\u010d\u0161inou v agregovanej podobe, teda anonymn\u00e9.<\/p>\n","protected":false},"excerpt":{"rendered":"<p>&nbsp; Cookies Na na\u0161ej webovej str\u00e1nke pou\u017e\u00edvame cookies. Je to be\u017en\u00e1 prax webov\u00fdch str\u00e1nok. Ni\u017e\u0161ie n\u00e1jdete inform\u00e1cie o tom, ak\u00e9 cookies pou\u017e\u00edvame a ako m\u00f4\u017eete povoli\u0165 alebo zak\u00e1za\u0165 pou\u017e\u00edvanie cookies a ako ich odstr\u00e1ni\u0165. \u010co s\u00fa cookies a na \u010do sl\u00fa\u017eia Cookies s\u00fa textov\u00e9 s\u00fabory, ktor\u00e9 obsahuj\u00fa inform\u00e1cie, ktor\u00e9 sa ulo\u017eia do webov\u00e9ho prehliada\u010da V\u00e1\u0161ho &hellip;<\/p>\n<p class=\"read-more\"> <a class=\"\" href=\"https:\/\/www.nordicflame.sk\/cs\/cookies\/\"> <span class=\"screen-reader-text\">Cookies<\/span> Read More \u00bb<\/a><\/p>\n","protected":false},"author":4,"featured_media":0,"parent":0,"menu_order":0,"comment_status":"closed","ping_status":"closed","template":"","meta":[],"yoast_head":"<!-- This site is optimized with the Yoast SEO plugin v15.4 - https:\/\/yoast.com\/wordpress\/plugins\/seo\/ -->\n<title>Cookies - Nordicflame<\/title>\n<meta name=\"robots\" content=\"index, follow, max-snippet:-1, max-image-preview:large, max-video-preview:-1\" \/>\n<link rel=\"canonical\" href=\"https:\/\/www.nordicflame.sk\/cs\/cookies\/\" \/>\n<meta property=\"og:locale\" content=\"cs_CZ\" \/>\n<meta property=\"og:type\" content=\"article\" \/>\n<meta property=\"og:title\" content=\"Cookies - Nordicflame\" \/>\n<meta property=\"og:description\" content=\"&nbsp; Cookies Na na\u0161ej webovej str\u00e1nke pou\u017e\u00edvame cookies. Je to be\u017en\u00e1 prax webov\u00fdch str\u00e1nok. Ni\u017e\u0161ie n\u00e1jdete inform\u00e1cie o tom, ak\u00e9 cookies pou\u017e\u00edvame a ako m\u00f4\u017eete povoli\u0165 alebo zak\u00e1za\u0165 pou\u017e\u00edvanie cookies a ako ich odstr\u00e1ni\u0165. \u010co s\u00fa cookies a na \u010do sl\u00fa\u017eia Cookies s\u00fa textov\u00e9 s\u00fabory, ktor\u00e9 obsahuj\u00fa inform\u00e1cie, ktor\u00e9 sa ulo\u017eia do webov\u00e9ho prehliada\u010da V\u00e1\u0161ho &hellip; Cookies Read More \u00bb\" \/>\n<meta property=\"og:url\" content=\"https:\/\/www.nordicflame.sk\/cs\/cookies\/\" \/>\n<meta property=\"og:site_name\" content=\"Nordicflame\" \/>\n<meta name=\"twitter:card\" content=\"summary_large_image\" \/>\n<meta name=\"twitter:label1\" content=\"Napsal(a)\">\n\t<meta name=\"twitter:data1\" content=\"Lukas Szabo\">\n\t<meta name=\"twitter:label2\" content=\"Odhadovan\u00e1 doba \u010dten\u00ed\">\n\t<meta name=\"twitter:data2\" content=\"1 minuta\">\n<script type=\"application\/ld+json\" class=\"yoast-schema-graph\">{\"@context\":\"https:\/\/schema.org\",\"@graph\":[{\"@type\":\"Organization\",\"@id\":\"https:\/\/www.nordicflame.sk\/#organization\",\"name\":\"Nordic Flame\",\"url\":\"https:\/\/www.nordicflame.sk\/\",\"sameAs\":[],\"logo\":{\"@type\":\"ImageObject\",\"@id\":\"https:\/\/www.nordicflame.sk\/#logo\",\"inLanguage\":\"cs\",\"url\":\"\",\"caption\":\"Nordic Flame\"},\"image\":{\"@id\":\"https:\/\/www.nordicflame.sk\/#logo\"}},{\"@type\":\"WebSite\",\"@id\":\"https:\/\/www.nordicflame.sk\/#website\",\"url\":\"https:\/\/www.nordicflame.sk\/\",\"name\":\"Nordicflame\",\"description\":\"Designov\\u00e9 hasiace pr\\u00edstroje\",\"publisher\":{\"@id\":\"https:\/\/www.nordicflame.sk\/#organization\"},\"potentialAction\":[{\"@type\":\"SearchAction\",\"target\":\"https:\/\/www.nordicflame.sk\/?s={search_term_string}\",\"query-input\":\"required name=search_term_string\"}],\"inLanguage\":\"cs\"},{\"@type\":\"WebPage\",\"@id\":\"https:\/\/www.nordicflame.sk\/cs\/cookies\/#webpage\",\"url\":\"https:\/\/www.nordicflame.sk\/cs\/cookies\/\",\"name\":\"Cookies - Nordicflame\",\"isPartOf\":{\"@id\":\"https:\/\/www.nordicflame.sk\/#website\"},\"datePublished\":\"2020-12-03T16:02:25+00:00\",\"dateModified\":\"2020-12-03T16:02:25+00:00\",\"inLanguage\":\"cs\",\"potentialAction\":[{\"@type\":\"ReadAction\",\"target\":[\"https:\/\/www.nordicflame.sk\/cs\/cookies\/\"]}]}]}<\/script>\n<!-- \/ Yoast SEO plugin. -->","_links":{"self":[{"href":"https:\/\/www.nordicflame.sk\/cs\/wp-json\/wp\/v2\/pages\/9930"}],"collection":[{"href":"https:\/\/www.nordicflame.sk\/cs\/wp-json\/wp\/v2\/pages"}],"about":[{"href":"https:\/\/www.nordicflame.sk\/cs\/wp-json\/wp\/v2\/types\/page"}],"author":[{"embeddable":true,"href":"https:\/\/www.nordicflame.sk\/cs\/wp-json\/wp\/v2\/users\/4"}],"replies":[{"embeddable":true,"href":"https:\/\/www.nordicflame.sk\/cs\/wp-json\/wp\/v2\/comments?post=9930"}],"version-history":[{"count":6,"href":"https:\/\/www.nordicflame.sk\/cs\/wp-json\/wp\/v2\/pages\/9930\/revisions"}],"predecessor-version":[{"id":9940,"href":"https:\/\/www.nordicflame.sk\/cs\/wp-json\/wp\/v2\/pages\/9930\/revisions\/9940"}],"wp:attachment":[{"href":"https:\/\/www.nordicflame.sk\/cs\/wp-json\/wp\/v2\/media?parent=9930"}],"curies":[{"name":"wp","href":"https:\/\/api.w.org\/{rel}","templated":true}]}}