{"id":9941,"date":"2020-12-03T17:03:10","date_gmt":"2020-12-03T16:03:10","guid":{"rendered":"https:\/\/www.nordicflame.sk\/?page_id=9941"},"modified":"2021-05-13T11:46:10","modified_gmt":"2021-05-13T09:46:10","slug":"domu","status":"publish","type":"page","link":"https:\/\/www.nordicflame.sk\/cs\/","title":{"rendered":"Dom\u016f"},"content":{"rendered":"\t\t<div data-elementor-type=\"wp-page\" data-elementor-id=\"9941\" class=\"elementor elementor-9941 elementor-4122\" data-elementor-settings=\"[]\">\n\t\t\t\t\t\t<div class=\"elementor-inner\">\n\t\t\t\t\t\t\t<div class=\"elementor-section-wrap\">\n\t\t\t\t\t\t\t<section data-particle_enable=\"false\" data-particle-mobile-disabled=\"false\" class=\"elementor-section elementor-top-section elementor-element elementor-element-b676737 elementor-section-height-full elementor-section-items-stretch elementor-section-full_width elementor-section-stretched elementor-section-height-default\" data-id=\"b676737\" data-element_type=\"section\" data-settings=\"{&quot;stretch_section&quot;:&quot;section-stretched&quot;}\">\n\t\t\t\t\t\t<div class=\"elementor-container elementor-column-gap-no\">\n\t\t\t\t\t\t\t<div class=\"elementor-row\">\n\t\t\t\t\t<div class=\"elementor-column elementor-col-100 elementor-top-column elementor-element elementor-element-be156c3\" data-id=\"be156c3\" data-element_type=\"column\">\n\t\t\t<div class=\"elementor-column-wrap elementor-element-populated\">\n\t\t\t\t\t\t\t<div class=\"elementor-widget-wrap\">\n\t\t\t\t\t\t<div class=\"elementor-element elementor-element-c63d315 elementor--h-position-center elementor--v-position-middle elementor-arrows-position-inside elementor-pagination-position-inside elementor-widget elementor-widget-slides\" data-id=\"c63d315\" data-element_type=\"widget\" data-settings=\"{&quot;transition&quot;:&quot;fade&quot;,&quot;autoplay_speed&quot;:9000,&quot;navigation&quot;:&quot;both&quot;,&quot;autoplay&quot;:&quot;yes&quot;,&quot;infinite&quot;:&quot;yes&quot;,&quot;transition_speed&quot;:500}\" data-widget_type=\"slides.default\">\n\t\t\t\t<div class=\"elementor-widget-container\">\n\t\t\t\t\t<div class=\"elementor-swiper\">\n\t\t\t<div class=\"elementor-slides-wrapper elementor-main-swiper swiper-container\" dir=\"ltr\" data-animation=\"\">\n\t\t\t\t<div class=\"swiper-wrapper elementor-slides\">\n\t\t\t\t\t<div class=\"elementor-repeater-item-3c3c2f3 swiper-slide\"><div class=\"swiper-slide-bg\"><\/div><div class=\"swiper-slide-inner\" ><div class=\"swiper-slide-contents\"><div class=\"elementor-slide-heading\">Tak\u00e9 kv\u016fli soused\u016fm<\/div><div class=\"elementor-slide-description\">94% dom\u00e1cnost\u00ed nem\u00e1 hasic\u00ed p\u0159\u00edstroj.<\/div><a href=\"https:\/\/www.nordicflame.sk\/cs\/obchod\/\" class=\"elementor-button elementor-slide-button elementor-size-sm\">KOUPIT JAKO D\u00c1REK<\/a><\/div><\/div><\/div><div class=\"elementor-repeater-item-8bd76ae swiper-slide\"><div class=\"swiper-slide-bg\"><\/div><div class=\"swiper-slide-inner\" ><div class=\"swiper-slide-contents\"><div class=\"elementor-slide-heading\"> Dve\u0159e zamyk\u00e1te, heslo si m\u011bn\u00edte, bezpe\u010dnostn\u00ed p\u00e1s pou\u017e\u00edv\u00e1te ...<\/div><div class=\"elementor-slide-description\">Pro\u010d? Pro jistotu.<\/div><a href=\"https:\/\/www.nordicflame.sk\/cs\/obchod\/\" class=\"elementor-button elementor-slide-button elementor-size-sm\">KOUPIT P\u0158\u00cdSTROJ<\/a><\/div><\/div><\/div><div class=\"elementor-repeater-item-091f9b7 swiper-slide\"><div class=\"swiper-slide-bg\"><\/div><div class=\"swiper-slide-inner\" ><div class=\"swiper-slide-contents\"><div class=\"elementor-slide-heading\">Po\u017e\u00e1rn\u00ed deka je prvn\u00ed ochrann\u00e1 linie p\u0159i mal\u00fdch po\u017e\u00e1rech.<\/div><div class=\"elementor-slide-description\">Kuchy\u0148 je v\u017edy hork\u00e9 t\u00e9ma<\/div><a href=\"https:\/\/www.nordicflame.sk\/cs\/shop\/hasiacaprikryvka\/hasiaca-prikryvka-bielo-strieborna\/\" class=\"elementor-button elementor-slide-button elementor-size-sm\">CHCI PO\u017d\u00c1RN\u00cd DEKU<\/a><\/div><\/div><\/div><div class=\"elementor-repeater-item-019fd70 swiper-slide\"><div class=\"swiper-slide-bg\"><\/div><div class=\"swiper-slide-inner\" ><div class=\"swiper-slide-contents\"><div class=\"elementor-slide-description\">Nikdo nechce ten \u010derven\u00fd\n<\/div><a href=\"https:\/\/www.nordicflame.sk\/cs\/obchod\/\" class=\"elementor-button elementor-slide-button elementor-size-sm\">CHCI TEN P\u011aKN\u00dd<\/a><\/div><\/div><\/div><div class=\"elementor-repeater-item-e40cad1 swiper-slide\"><div class=\"swiper-slide-bg\"><\/div><div class=\"swiper-slide-inner\" ><div class=\"swiper-slide-contents\"><div class=\"elementor-slide-description\">\nSwedish design<\/div><\/div><\/div><\/div>\t\t\t\t<\/div>\n\t\t\t\t\t\t\t\t\t\t\t\t\t\t\t<div class=\"swiper-pagination\"><\/div>\n\t\t\t\t\t\t\t\t\t\t\t\t\t\t\t\t<div class=\"elementor-swiper-button elementor-swiper-button-prev\">\n\t\t\t\t\t\t\t<i class=\"eicon-chevron-left\" aria-hidden=\"true\"><\/i>\n\t\t\t\t\t\t\t<span class=\"elementor-screen-only\">Previous<\/span>\n\t\t\t\t\t\t<\/div>\n\t\t\t\t\t\t<div class=\"elementor-swiper-button elementor-swiper-button-next\">\n\t\t\t\t\t\t\t<i class=\"eicon-chevron-right\" aria-hidden=\"true\"><\/i>\n\t\t\t\t\t\t\t<span class=\"elementor-screen-only\">Next<\/span>\n\t\t\t\t\t\t<\/div>\n\t\t\t\t\t\t\t\t\t\t\t\t<\/div>\n\t\t<\/div>\n\t\t\t\t<\/div>\n\t\t\t\t<\/div>\n\t\t\t\t\t\t<\/div>\n\t\t\t\t\t<\/div>\n\t\t<\/div>\n\t\t\t\t\t\t\t\t<\/div>\n\t\t\t\t\t<\/div>\n\t\t<\/section>\n\t\t\t\t<section data-particle_enable=\"false\" data-particle-mobile-disabled=\"false\" class=\"elementor-section elementor-top-section elementor-element elementor-element-2fb673e2 elementor-section-boxed elementor-section-height-default elementor-section-height-default\" data-id=\"2fb673e2\" data-element_type=\"section\">\n\t\t\t\t\t\t<div class=\"elementor-container elementor-column-gap-default\">\n\t\t\t\t\t\t\t<div class=\"elementor-row\">\n\t\t\t\t\t<div class=\"elementor-column elementor-col-100 elementor-top-column elementor-element elementor-element-26eaf4ac\" data-id=\"26eaf4ac\" data-element_type=\"column\">\n\t\t\t<div class=\"elementor-column-wrap elementor-element-populated\">\n\t\t\t\t\t\t\t<div class=\"elementor-widget-wrap\">\n\t\t\t\t\t\t<div class=\"elementor-element elementor-element-249d6c9 elementor-widget elementor-widget-heading\" data-id=\"249d6c9\" data-element_type=\"widget\" data-widget_type=\"heading.default\">\n\t\t\t\t<div class=\"elementor-widget-container\">\n\t\t\t<h2 class=\"elementor-heading-title elementor-size-default\">V\u00e1\u0161 domov, v\u00e1\u0161 styl, va\u0161e bezpe\u010d\u00ed<\/h2>\t\t<\/div>\n\t\t\t\t<\/div>\n\t\t\t\t<div class=\"elementor-element elementor-element-23a9d44 elementor-widget elementor-widget-text-editor\" data-id=\"23a9d44\" data-element_type=\"widget\" data-widget_type=\"text-editor.default\">\n\t\t\t\t<div class=\"elementor-widget-container\">\n\t\t\t\t\t<div class=\"elementor-text-editor elementor-clearfix\"><p><strong>Nordic Flame spojuje funk\u010dnost a design v s\u00e9rii kvalitn\u00edch hasic\u00edch p\u0159\u00edstroj\u016f a hasic\u00edch p\u0159ikr\u00fdvek navr\u017een\u00fdch s d\u016frazem na bezpe\u010dn\u00e9 a stylov\u00e9 dom\u00e1c\u00ed prost\u0159ed\u00ed.<\/strong><\/p><p><span style=\"font-weight: 400;\">V\u0161echny v\u00fdrobky od spole\u010dnosti Nordic Flame jsou vyrobeny pomoc\u00ed nejmodern\u011bj\u0161\u00edch technologi\u00ed a jsou testov\u00e1ny podle nejvy\u0161\u0161\u00edch evropsk\u00fdch norem kvality.<\/span><\/p><\/div>\n\t\t\t\t<\/div>\n\t\t\t\t<\/div>\n\t\t\t\t<div class=\"elementor-element elementor-element-7b68bf2 elementor-widget elementor-widget-image\" data-id=\"7b68bf2\" data-element_type=\"widget\" data-widget_type=\"image.default\">\n\t\t\t\t<div class=\"elementor-widget-container\">\n\t\t\t\t\t<div class=\"elementor-image\">\n\t\t\t\t\t\t\t\t\t\t<img src=\"https:\/\/www.nordicflame.sk\/wp-content\/uploads\/elementor\/thumbs\/nordicflame_logo_black-oze2mpvqxv3tcxmnac30ouieuue0g5v2cq0srznknw.png\" title=\"nordicflame_logo_black\" alt=\"nordicflame_logo_black\" \/>\t\t\t\t\t\t\t\t\t\t\t<\/div>\n\t\t\t\t<\/div>\n\t\t\t\t<\/div>\n\t\t\t\t\t\t<\/div>\n\t\t\t\t\t<\/div>\n\t\t<\/div>\n\t\t\t\t\t\t\t\t<\/div>\n\t\t\t\t\t<\/div>\n\t\t<\/section>\n\t\t\t\t<section data-particle_enable=\"false\" data-particle-mobile-disabled=\"false\" class=\"elementor-section elementor-top-section elementor-element elementor-element-aaf3e1f elementor-section-boxed elementor-section-height-default elementor-section-height-default\" data-id=\"aaf3e1f\" data-element_type=\"section\">\n\t\t\t\t\t\t<div class=\"elementor-container elementor-column-gap-default\">\n\t\t\t\t\t\t\t<div class=\"elementor-row\">\n\t\t\t\t\t<div class=\"elementor-column elementor-col-100 elementor-top-column elementor-element elementor-element-089b41d\" data-id=\"089b41d\" data-element_type=\"column\">\n\t\t\t<div class=\"elementor-column-wrap elementor-element-populated\">\n\t\t\t\t\t\t\t<div class=\"elementor-widget-wrap\">\n\t\t\t\t\t\t<div class=\"elementor-element elementor-element-6380038 elementor-product-loop-item--align-center elementor-products-columns-tablet-2 elementor-products-columns-4 elementor-products-grid elementor-wc-products elementor-widget elementor-widget-woocommerce-products\" data-id=\"6380038\" data-element_type=\"widget\" data-widget_type=\"woocommerce-products.default\">\n\t\t\t\t<div class=\"elementor-widget-container\">\n\t\t\t<div class=\"woocommerce columns-4 \"><ul class=\"products columns-4\">\n<li class=\"align-left box-shadow-0 box-shadow-0-hover ast-product-gallery-layout-horizontal ast-product-tabs-layout-horizontal product type-product post-7311 status-publish first instock product_cat-hasici-pristroj has-post-thumbnail taxable shipping-taxable purchasable product-type-simple\">\n\t<\/li>\n<li class=\"align-left box-shadow-0 box-shadow-0-hover ast-product-gallery-layout-horizontal ast-product-tabs-layout-horizontal product type-product post-7317 status-publish instock product_cat-hasici-prikryvka has-post-thumbnail taxable shipping-taxable purchasable product-type-simple\">\n\t<\/li>\n<li class=\"align-left box-shadow-0 box-shadow-0-hover ast-product-gallery-layout-horizontal ast-product-tabs-layout-horizontal product type-product post-7353 status-publish instock product_cat-hasici-pristroj has-post-thumbnail taxable shipping-taxable purchasable product-type-simple\">\n\t<\/li>\n<li class=\"align-left box-shadow-0 box-shadow-0-hover ast-product-gallery-layout-horizontal ast-product-tabs-layout-horizontal product type-product post-11941 status-publish last instock product_cat-prislusenstvo-cs has-post-thumbnail taxable shipping-taxable purchasable product-type-simple\">\n\t<\/li>\n<\/ul>\n<\/div>\t\t<\/div>\n\t\t\t\t<\/div>\n\t\t\t\t\t\t<\/div>\n\t\t\t\t\t<\/div>\n\t\t<\/div>\n\t\t\t\t\t\t\t\t<\/div>\n\t\t\t\t\t<\/div>\n\t\t<\/section>\n\t\t\t\t<section data-particle_enable=\"false\" data-particle-mobile-disabled=\"false\" class=\"elementor-section elementor-top-section elementor-element elementor-element-9fdad29 elementor-section-full_width elementor-section-stretched elementor-section-height-default elementor-section-height-default\" data-id=\"9fdad29\" data-element_type=\"section\" data-settings=\"{&quot;stretch_section&quot;:&quot;section-stretched&quot;,&quot;background_background&quot;:&quot;classic&quot;,&quot;background_motion_fx_motion_fx_scrolling&quot;:&quot;yes&quot;,&quot;background_motion_fx_range&quot;:&quot;viewport&quot;,&quot;background_motion_fx_translateY_speed&quot;:{&quot;unit&quot;:&quot;px&quot;,&quot;size&quot;:2.29999999999999982236431605997495353221893310546875,&quot;sizes&quot;:[]},&quot;background_motion_fx_translateY_effect&quot;:&quot;yes&quot;,&quot;background_motion_fx_translateY_affectedRange&quot;:{&quot;unit&quot;:&quot;%&quot;,&quot;size&quot;:&quot;&quot;,&quot;sizes&quot;:{&quot;start&quot;:0,&quot;end&quot;:100}},&quot;background_motion_fx_devices&quot;:[&quot;desktop&quot;,&quot;tablet&quot;,&quot;mobile&quot;]}\">\n\t\t\t\t\t\t<div class=\"elementor-container elementor-column-gap-default\">\n\t\t\t\t\t\t\t<div class=\"elementor-row\">\n\t\t\t\t\t<div class=\"elementor-column elementor-col-100 elementor-top-column elementor-element elementor-element-fca9da8\" data-id=\"fca9da8\" data-element_type=\"column\">\n\t\t\t<div class=\"elementor-column-wrap elementor-element-populated\">\n\t\t\t\t\t\t\t<div class=\"elementor-widget-wrap\">\n\t\t\t\t\t\t<div class=\"elementor-element elementor-element-e9572d1 elementor-widget elementor-widget-heading\" data-id=\"e9572d1\" data-element_type=\"widget\" data-widget_type=\"heading.default\">\n\t\t\t\t<div class=\"elementor-widget-container\">\n\t\t\t<h2 class=\"elementor-heading-title elementor-size-default\">Hasic\u00ed p\u0159\u00edstroj<\/h2>\t\t<\/div>\n\t\t\t\t<\/div>\n\t\t\t\t\t\t<\/div>\n\t\t\t\t\t<\/div>\n\t\t<\/div>\n\t\t\t\t\t\t\t\t<\/div>\n\t\t\t\t\t<\/div>\n\t\t<\/section>\n\t\t\t\t<section data-particle_enable=\"false\" data-particle-mobile-disabled=\"false\" class=\"elementor-section elementor-top-section elementor-element elementor-element-117e477 elementor-section-boxed elementor-section-height-default elementor-section-height-default\" data-id=\"117e477\" data-element_type=\"section\">\n\t\t\t\t\t\t<div class=\"elementor-container elementor-column-gap-default\">\n\t\t\t\t\t\t\t<div class=\"elementor-row\">\n\t\t\t\t\t<div class=\"elementor-column elementor-col-100 elementor-top-column elementor-element elementor-element-1aa22b6\" data-id=\"1aa22b6\" data-element_type=\"column\">\n\t\t\t<div class=\"elementor-column-wrap elementor-element-populated\">\n\t\t\t\t\t\t\t<div class=\"elementor-widget-wrap\">\n\t\t\t\t\t\t<div class=\"elementor-element elementor-element-c78ed2a elementor-widget elementor-widget-text-editor\" data-id=\"c78ed2a\" data-element_type=\"widget\" data-widget_type=\"text-editor.default\">\n\t\t\t\t<div class=\"elementor-widget-container\">\n\t\t\t\t\t<div class=\"elementor-text-editor elementor-clearfix\"><h1 style=\"text-align: left;\"><span style=\"color: #3a3a3a; font-size: 2rem; text-align: left; font-family: var( --e-global-typography-text-font-family ), Sans-serif;\">Stylov\u00fd bezpe\u010dnostn\u00ed\u00a0 interi\u00e9rov\u00fd detail.<br \/><\/span><\/h1><p><span style=\"font-weight: 400;\">Hasic\u00ed p\u0159\u00edstroje Nordic Flame jsou vyrobeny z top materi\u00e1l\u016f podle nejvy\u0161\u0161\u00edch bezpe\u010dnostn\u00edch a kvalitativn\u00edch standard\u016f a jsou testov\u00e1ny dle EN 3 a EN 1869. Hasic\u00ed p\u0159\u00edstroje A \/ B \/ C obsahuj\u00ed \u00fa\u010dinn\u00fd netoxick\u00fd pr\u00e1\u0161ek s velmi vysokou hasebn\u00ed schopnost\u00ed. Hasic\u00ed p\u0159\u00edstroje Nordic Flame, jejich\u017e sou\u010d\u00e1st\u00ed je i konzola pro mont\u00e1\u017e na st\u011bnu, se dod\u00e1vaj\u00ed v exkluzivn\u00edm balen\u00ed s kovov\u00fdm znakem, kter\u00e9 se v\u00fdborn\u011b hod\u00ed jako stylov\u00fd a promy\u0161len\u00fd d\u00e1rek.<\/span>\u00a0<\/p><p><strong>KLASICK\u00c1 S\u00c9RIA<\/strong> <br \/><span style=\"font-size: 16px; font-weight: 400;\">S\u00e9rie &#8220;Classic&#8221; je nadesignovan\u00e1 v nad\u010dasov\u00e9m \u010dern\u00e9m nebo b\u00edl\u00e9m proveden\u00ed s elegantn\u00edm charakteristick\u00fdm kovov\u00fdm znakem Nordic Flame. <\/span><span style=\"font-weight: 400;\">Sou\u010d\u00e1st\u00ed balen\u00ed je tak\u00e9 konzola pro upevn\u011bn\u00ed na st\u011bnu. Tento hasic\u00ed p\u0159\u00edstroj s obsahem 6 kg m\u00e1 nejvy\u0161\u0161\u00ed hasic\u00ed \u00fa\u010dinek na trhu.<\/span><\/p><p><strong>KO\u017dEN\u00c1 EDICE<\/strong> <br \/><span style=\"font-weight: 400;\">Modely &#8220;Leather Edition&#8221; odr\u00e1\u017eej\u00ed skandin\u00e1vsk\u00fd zp\u016fsob \u017eivota a jsou vybaveny exkluzivn\u00edmi detaily z prav\u00e9 k\u016f\u017ee. \u010cist\u011b b\u00edl\u00fd hasic\u00ed p\u0159\u00edstroj je k dispozici ve dvou variant\u00e1ch &#8211; tmav\u011b hn\u011bd\u00e9 nebo klasick\u00e9 sv\u011btle hn\u011bd\u00e9 k\u016f\u017ei. Sou\u010d\u00e1st\u00ed balen\u00ed je tak\u00e9 konzola pro upevn\u011bn\u00ed na st\u011bnu.<\/span>\u00a0<\/p><p><strong>OCELOV\u00c1 EDICE <\/strong><br \/><span style=\"font-weight: 400;\">Vrcholem designov\u00e9 \u0159ady hasic\u00edch p\u0159\u00edstroj\u016f je &#8220;Steel Edition&#8221;. Tento elegantn\u00ed hasic\u00ed p\u0159\u00edstroj je vyroben z ru\u010dn\u011b le\u0161t\u011bn\u00e9 nerezav\u011bj\u00edc\u00ed oceli a je vybaven \u010dern\u00fdm ko\u017een\u00fdm p\u00e1skem. <\/span><span style=\"font-weight: 400;\">Sou\u010d\u00e1st\u00ed balen\u00ed je tak\u00e9 konzola pro upevn\u011bn\u00ed na st\u011bnu.<\/span><\/p><\/div>\n\t\t\t\t<\/div>\n\t\t\t\t<\/div>\n\t\t\t\t\t\t<\/div>\n\t\t\t\t\t<\/div>\n\t\t<\/div>\n\t\t\t\t\t\t\t\t<\/div>\n\t\t\t\t\t<\/div>\n\t\t<\/section>\n\t\t\t\t<section data-particle_enable=\"false\" data-particle-mobile-disabled=\"false\" class=\"elementor-section elementor-top-section elementor-element elementor-element-9c9ea20 elementor-section-full_width elementor-section-stretched elementor-section-height-default elementor-section-height-default\" data-id=\"9c9ea20\" data-element_type=\"section\" data-settings=\"{&quot;stretch_section&quot;:&quot;section-stretched&quot;,&quot;background_background&quot;:&quot;classic&quot;,&quot;background_motion_fx_translateY_effect&quot;:&quot;yes&quot;,&quot;background_motion_fx_motion_fx_scrolling&quot;:&quot;yes&quot;,&quot;background_motion_fx_range&quot;:&quot;viewport&quot;,&quot;background_motion_fx_translateY_speed&quot;:{&quot;unit&quot;:&quot;px&quot;,&quot;size&quot;:4.20000000000000017763568394002504646778106689453125,&quot;sizes&quot;:[]},&quot;background_motion_fx_translateY_affectedRange&quot;:{&quot;unit&quot;:&quot;%&quot;,&quot;size&quot;:&quot;&quot;,&quot;sizes&quot;:{&quot;start&quot;:0,&quot;end&quot;:100}},&quot;background_motion_fx_devices&quot;:[&quot;desktop&quot;,&quot;tablet&quot;,&quot;mobile&quot;]}\">\n\t\t\t\t\t\t<div class=\"elementor-container elementor-column-gap-default\">\n\t\t\t\t\t\t\t<div class=\"elementor-row\">\n\t\t\t\t\t<div class=\"elementor-column elementor-col-100 elementor-top-column elementor-element elementor-element-81f5af9\" data-id=\"81f5af9\" data-element_type=\"column\">\n\t\t\t<div class=\"elementor-column-wrap elementor-element-populated\">\n\t\t\t\t\t\t\t<div class=\"elementor-widget-wrap\">\n\t\t\t\t\t\t<div class=\"elementor-element elementor-element-395f944 elementor-widget elementor-widget-heading\" data-id=\"395f944\" data-element_type=\"widget\" data-widget_type=\"heading.default\">\n\t\t\t\t<div class=\"elementor-widget-container\">\n\t\t\t<h2 class=\"elementor-heading-title elementor-size-default\">Has\u00edc\u00ed p\u0159ikr\u00fdvka<\/h2>\t\t<\/div>\n\t\t\t\t<\/div>\n\t\t\t\t\t\t<\/div>\n\t\t\t\t\t<\/div>\n\t\t<\/div>\n\t\t\t\t\t\t\t\t<\/div>\n\t\t\t\t\t<\/div>\n\t\t<\/section>\n\t\t\t\t<section data-particle_enable=\"false\" data-particle-mobile-disabled=\"false\" class=\"elementor-section elementor-top-section elementor-element elementor-element-5f4508d elementor-section-boxed elementor-section-height-default elementor-section-height-default\" data-id=\"5f4508d\" data-element_type=\"section\">\n\t\t\t\t\t\t<div class=\"elementor-container elementor-column-gap-default\">\n\t\t\t\t\t\t\t<div class=\"elementor-row\">\n\t\t\t\t\t<div class=\"elementor-column elementor-col-100 elementor-top-column elementor-element elementor-element-b4c49d9\" data-id=\"b4c49d9\" data-element_type=\"column\">\n\t\t\t<div class=\"elementor-column-wrap elementor-element-populated\">\n\t\t\t\t\t\t\t<div class=\"elementor-widget-wrap\">\n\t\t\t\t\t\t<div class=\"elementor-element elementor-element-3a2243a elementor-widget elementor-widget-text-editor\" data-id=\"3a2243a\" data-element_type=\"widget\" data-widget_type=\"text-editor.default\">\n\t\t\t\t<div class=\"elementor-widget-container\">\n\t\t\t\t\t<div class=\"elementor-text-editor elementor-clearfix\"><h2><span style=\"font-weight: 400;\">Prvn\u00ed obrann\u00e1 linie proti mal\u00fdm po\u017e\u00e1r\u016fm.<\/span><\/h2><div>\u00a0<\/div><p><span style=\"font-weight: 400;\">V designu shodn\u00e9m s hasic\u00edmi p\u0159\u00edstroji jsme navrhli i exkluzivn\u00ed \u0161k\u00e1lu vysoce kvalitn\u00edch hasic\u00edch p\u0159ikr\u00fdvek v ocelov\u00e9 krabi\u010dce s vyra\u017een\u00fdm logem. Protipo\u017e\u00e1rn\u00ed p\u0159ikr\u00fdvka je velmi jednoduch\u00fdm, praktick\u00fdm a d\u016fle\u017eit\u00fdm bezpe\u010dnostn\u00edm n\u00e1strojem, kter\u00fd se pou\u017e\u00edv\u00e1 k udu\u0161en\u00ed mal\u00fdch po\u017e\u00e1r\u016f. Ide\u00e1ln\u00ed do kuchyn\u011b, ke krbu, grilu, do auta nebo na kemping.<\/span><\/p><p><span style=\"font-weight: 400;\">Hasic\u00ed p\u0159ikr\u00fdvka Nordic Flame m\u00e1 rozm\u011bry 120 cm x 120 cm a je certifikov\u00e1na EN 1869. V nab\u00eddce je v klasick\u00e9 \u010dern\u00e9, \u010dist\u011b b\u00edl\u00e9 nebo elegantn\u00ed st\u0159\u00edbrn\u00e9 barv\u011b a dod\u00e1v\u00e1 se v estetick\u00e9 embosovan\u00e9 ocelov\u00e9 krabi\u010dce s hlin\u00edkov\u00fdm znakem Nordic Flame.<\/span><\/p><\/div>\n\t\t\t\t<\/div>\n\t\t\t\t<\/div>\n\t\t\t\t\t\t<\/div>\n\t\t\t\t\t<\/div>\n\t\t<\/div>\n\t\t\t\t\t\t\t\t<\/div>\n\t\t\t\t\t<\/div>\n\t\t<\/section>\n\t\t\t\t\t\t<\/div>\n\t\t\t\t\t\t<\/div>\n\t\t\t\t\t<\/div>\n\t\t","protected":false},"excerpt":{"rendered":"<p>Tak\u00e9 kv\u016fli soused\u016fm94% dom\u00e1cnost\u00ed nem\u00e1 hasic\u00ed p\u0159\u00edstroj.KOUPIT JAKO D\u00c1REK Dve\u0159e zamyk\u00e1te, heslo si m\u011bn\u00edte, bezpe\u010dnostn\u00ed p\u00e1s pou\u017e\u00edv\u00e1te &#8230;Pro\u010d? Pro jistotu.KOUPIT P\u0158\u00cdSTROJPo\u017e\u00e1rn\u00ed deka je prvn\u00ed ochrann\u00e1 linie p\u0159i mal\u00fdch po\u017e\u00e1rech.Kuchy\u0148 je v\u017edy hork\u00e9 t\u00e9maCHCI PO\u017d\u00c1RN\u00cd DEKUNikdo nechce ten \u010derven\u00fd CHCI TEN P\u011aKN\u00dd Swedish design Previous Next V\u00e1\u0161 domov, v\u00e1\u0161 styl, va\u0161e bezpe\u010d\u00ed Nordic Flame spojuje funk\u010dnost &hellip;<\/p>\n<p class=\"read-more\"> <a class=\"\" href=\"https:\/\/www.nordicflame.sk\/cs\/\"> <span class=\"screen-reader-text\">Dom\u016f<\/span> Read More \u00bb<\/a><\/p>\n","protected":false},"author":4,"featured_media":0,"parent":0,"menu_order":0,"comment_status":"closed","ping_status":"closed","template":"","meta":[],"yoast_head":"<!-- This site is optimized with the Yoast SEO plugin v15.4 - https:\/\/yoast.com\/wordpress\/plugins\/seo\/ -->\n<title>Dom\u016f - Nordicflame<\/title>\n<meta name=\"robots\" content=\"index, follow, max-snippet:-1, max-image-preview:large, max-video-preview:-1\" \/>\n<link rel=\"canonical\" href=\"https:\/\/www.nordicflame.sk\/cs\/\" \/>\n<meta property=\"og:locale\" content=\"cs_CZ\" \/>\n<meta property=\"og:type\" content=\"article\" \/>\n<meta property=\"og:title\" content=\"Dom\u016f - Nordicflame\" \/>\n<meta property=\"og:description\" content=\"Tak\u00e9 kv\u016fli soused\u016fm94% dom\u00e1cnost\u00ed nem\u00e1 hasic\u00ed p\u0159\u00edstroj.KOUPIT JAKO D\u00c1REK Dve\u0159e zamyk\u00e1te, heslo si m\u011bn\u00edte, bezpe\u010dnostn\u00ed p\u00e1s pou\u017e\u00edv\u00e1te &#8230;Pro\u010d? Pro jistotu.KOUPIT P\u0158\u00cdSTROJPo\u017e\u00e1rn\u00ed deka je prvn\u00ed ochrann\u00e1 linie p\u0159i mal\u00fdch po\u017e\u00e1rech.Kuchy\u0148 je v\u017edy hork\u00e9 t\u00e9maCHCI PO\u017d\u00c1RN\u00cd DEKUNikdo nechce ten \u010derven\u00fd CHCI TEN P\u011aKN\u00dd Swedish design Previous Next V\u00e1\u0161 domov, v\u00e1\u0161 styl, va\u0161e bezpe\u010d\u00ed Nordic Flame spojuje funk\u010dnost &hellip; Dom\u016f Read More \u00bb\" \/>\n<meta property=\"og:url\" content=\"https:\/\/www.nordicflame.sk\/cs\/\" \/>\n<meta property=\"og:site_name\" content=\"Nordicflame\" \/>\n<meta property=\"article:modified_time\" content=\"2021-05-13T09:46:10+00:00\" \/>\n<meta property=\"og:image\" content=\"https:\/\/www.nordicflame.sk\/wp-content\/uploads\/elementor\/thumbs\/nordicflame_logo_black-oze2mpvqxv3tcxmnac30ouieuue0g5v2cq0srznknw.png\" \/>\n<meta name=\"twitter:card\" content=\"summary_large_image\" \/>\n<meta name=\"twitter:label1\" content=\"Napsal(a)\">\n\t<meta name=\"twitter:data1\" content=\"Lukas Szabo\">\n\t<meta name=\"twitter:label2\" content=\"Odhadovan\u00e1 doba \u010dten\u00ed\">\n\t<meta name=\"twitter:data2\" content=\"2 minuty\">\n<script type=\"application\/ld+json\" class=\"yoast-schema-graph\">{\"@context\":\"https:\/\/schema.org\",\"@graph\":[{\"@type\":\"Organization\",\"@id\":\"https:\/\/www.nordicflame.sk\/#organization\",\"name\":\"Nordic Flame\",\"url\":\"https:\/\/www.nordicflame.sk\/\",\"sameAs\":[],\"logo\":{\"@type\":\"ImageObject\",\"@id\":\"https:\/\/www.nordicflame.sk\/#logo\",\"inLanguage\":\"cs\",\"url\":\"\",\"caption\":\"Nordic Flame\"},\"image\":{\"@id\":\"https:\/\/www.nordicflame.sk\/#logo\"}},{\"@type\":\"WebSite\",\"@id\":\"https:\/\/www.nordicflame.sk\/#website\",\"url\":\"https:\/\/www.nordicflame.sk\/\",\"name\":\"Nordicflame\",\"description\":\"Designov\\u00e9 hasiace pr\\u00edstroje\",\"publisher\":{\"@id\":\"https:\/\/www.nordicflame.sk\/#organization\"},\"potentialAction\":[{\"@type\":\"SearchAction\",\"target\":\"https:\/\/www.nordicflame.sk\/?s={search_term_string}\",\"query-input\":\"required name=search_term_string\"}],\"inLanguage\":\"cs\"},{\"@type\":\"ImageObject\",\"@id\":\"https:\/\/www.nordicflame.sk\/cs\/#primaryimage\",\"inLanguage\":\"cs\",\"url\":\"https:\/\/www.nordicflame.sk\/wp-content\/uploads\/elementor\/thumbs\/nordicflame_logo_black-oze2mpvqxv3tcxmnac30ouieuue0g5v2cq0srznknw.png\"},{\"@type\":\"WebPage\",\"@id\":\"https:\/\/www.nordicflame.sk\/cs\/#webpage\",\"url\":\"https:\/\/www.nordicflame.sk\/cs\/\",\"name\":\"Dom\\u016f - Nordicflame\",\"isPartOf\":{\"@id\":\"https:\/\/www.nordicflame.sk\/#website\"},\"primaryImageOfPage\":{\"@id\":\"https:\/\/www.nordicflame.sk\/cs\/#primaryimage\"},\"datePublished\":\"2020-12-03T16:03:10+00:00\",\"dateModified\":\"2021-05-13T09:46:10+00:00\",\"inLanguage\":\"cs\",\"potentialAction\":[{\"@type\":\"ReadAction\",\"target\":[\"https:\/\/www.nordicflame.sk\/cs\/\"]}]}]}<\/script>\n<!-- \/ Yoast SEO plugin. -->","_links":{"self":[{"href":"https:\/\/www.nordicflame.sk\/cs\/wp-json\/wp\/v2\/pages\/9941"}],"collection":[{"href":"https:\/\/www.nordicflame.sk\/cs\/wp-json\/wp\/v2\/pages"}],"about":[{"href":"https:\/\/www.nordicflame.sk\/cs\/wp-json\/wp\/v2\/types\/page"}],"author":[{"embeddable":true,"href":"https:\/\/www.nordicflame.sk\/cs\/wp-json\/wp\/v2\/users\/4"}],"replies":[{"embeddable":true,"href":"https:\/\/www.nordicflame.sk\/cs\/wp-json\/wp\/v2\/comments?post=9941"}],"version-history":[{"count":26,"href":"https:\/\/www.nordicflame.sk\/cs\/wp-json\/wp\/v2\/pages\/9941\/revisions"}],"predecessor-version":[{"id":11894,"href":"https:\/\/www.nordicflame.sk\/cs\/wp-json\/wp\/v2\/pages\/9941\/revisions\/11894"}],"wp:attachment":[{"href":"https:\/\/www.nordicflame.sk\/cs\/wp-json\/wp\/v2\/media?parent=9941"}],"curies":[{"name":"wp","href":"https:\/\/api.w.org\/{rel}","templated":true}]}}