{"id":9952,"date":"2020-12-03T17:05:44","date_gmt":"2020-12-03T16:05:44","guid":{"rendered":"https:\/\/www.nordicflame.sk\/?page_id=9952"},"modified":"2020-12-07T00:52:50","modified_gmt":"2020-12-06T23:52:50","slug":"moznosti-platby","status":"publish","type":"page","link":"https:\/\/www.nordicflame.sk\/cs\/moznosti-platby\/","title":{"rendered":"Mo\u017enosti platby"},"content":{"rendered":"\t\t<div data-elementor-type=\"wp-page\" data-elementor-id=\"9952\" class=\"elementor elementor-9952 elementor-7645\" data-elementor-settings=\"[]\">\n\t\t\t\t\t\t<div class=\"elementor-inner\">\n\t\t\t\t\t\t\t<div class=\"elementor-section-wrap\">\n\t\t\t\t\t\t\t<section data-particle_enable=\"false\" data-particle-mobile-disabled=\"false\" class=\"elementor-section elementor-top-section elementor-element elementor-element-5137145 elementor-section-height-min-height elementor-section-boxed elementor-section-height-default elementor-section-items-middle\" data-id=\"5137145\" data-element_type=\"section\" data-settings=\"{&quot;background_background&quot;:&quot;classic&quot;}\">\n\t\t\t\t\t\t<div class=\"elementor-container elementor-column-gap-default\">\n\t\t\t\t\t\t\t<div class=\"elementor-row\">\n\t\t\t\t\t<div class=\"elementor-column elementor-col-100 elementor-top-column elementor-element elementor-element-613a448\" data-id=\"613a448\" data-element_type=\"column\">\n\t\t\t<div class=\"elementor-column-wrap\">\n\t\t\t\t\t\t\t<div class=\"elementor-widget-wrap\">\n\t\t\t\t\t\t\t\t<\/div>\n\t\t\t\t\t<\/div>\n\t\t<\/div>\n\t\t\t\t\t\t\t\t<\/div>\n\t\t\t\t\t<\/div>\n\t\t<\/section>\n\t\t\t\t<section data-particle_enable=\"false\" data-particle-mobile-disabled=\"false\" class=\"elementor-section elementor-top-section elementor-element elementor-element-215a8811 elementor-section-boxed elementor-section-height-default elementor-section-height-default\" data-id=\"215a8811\" data-element_type=\"section\">\n\t\t\t\t\t\t<div class=\"elementor-container elementor-column-gap-default\">\n\t\t\t\t\t\t\t<div class=\"elementor-row\">\n\t\t\t\t\t<div class=\"elementor-column elementor-col-100 elementor-top-column elementor-element elementor-element-663304ce\" data-id=\"663304ce\" data-element_type=\"column\">\n\t\t\t<div class=\"elementor-column-wrap elementor-element-populated\">\n\t\t\t\t\t\t\t<div class=\"elementor-widget-wrap\">\n\t\t\t\t\t\t<div class=\"elementor-element elementor-element-13b665bb elementor-widget elementor-widget-text-editor\" data-id=\"13b665bb\" data-element_type=\"widget\" data-widget_type=\"text-editor.default\">\n\t\t\t\t<div class=\"elementor-widget-container\">\n\t\t\t\t\t<div class=\"elementor-text-editor elementor-clearfix\"><h1 style=\"text-align: center;\"><b>Platba<\/b><\/h1><p style=\"text-align: center;\"><span style=\"font-weight: 400;\">Vyberte si mo\u017enost, kter\u00e1 v\u00e1m nejv\u00edce vyhovuje.<\/span><\/p><p style=\"text-align: center;\"><b>Vklad na \u00fa\u010det<\/b><\/p><p style=\"text-align: center;\"><span style=\"font-size: 15px; color: var( --e-global-color-text ); font-family: var( --e-global-typography-text-font-family ), Sans-serif;\">\u010c\u00edslo \u00fa\u010dtu: 4026369058\/7500 \u010cSOB<br \/><\/span><span style=\"font-size: 15px; color: var( --e-global-color-text ); font-family: var( --e-global-typography-text-font-family ), Sans-serif;\">IBAN: SK0675000000004026369058<\/span><\/p><p style=\"text-align: center;\"><strong>Kartou online<\/strong><\/p><\/div>\n\t\t\t\t<\/div>\n\t\t\t\t<\/div>\n\t\t\t\t\t\t<\/div>\n\t\t\t\t\t<\/div>\n\t\t<\/div>\n\t\t\t\t\t\t\t\t<\/div>\n\t\t\t\t\t<\/div>\n\t\t<\/section>\n\t\t\t\t\t\t<\/div>\n\t\t\t\t\t\t<\/div>\n\t\t\t\t\t<\/div>\n\t\t","protected":false},"excerpt":{"rendered":"<p>Platba Vyberte si mo\u017enost, kter\u00e1 v\u00e1m nejv\u00edce vyhovuje. Vklad na \u00fa\u010det \u010c\u00edslo \u00fa\u010dtu: 4026369058\/7500 \u010cSOBIBAN: SK0675000000004026369058 Kartou online<\/p>\n","protected":false},"author":4,"featured_media":0,"parent":0,"menu_order":0,"comment_status":"closed","ping_status":"closed","template":"elementor_header_footer","meta":[],"yoast_head":"<!-- This site is optimized with the Yoast SEO plugin v15.4 - https:\/\/yoast.com\/wordpress\/plugins\/seo\/ -->\n<title>Mo\u017enosti platby - Nordicflame<\/title>\n<meta name=\"robots\" content=\"index, follow, max-snippet:-1, max-image-preview:large, max-video-preview:-1\" \/>\n<link rel=\"canonical\" href=\"https:\/\/www.nordicflame.sk\/cs\/moznosti-platby\/\" \/>\n<meta property=\"og:locale\" content=\"cs_CZ\" \/>\n<meta property=\"og:type\" content=\"article\" \/>\n<meta property=\"og:title\" content=\"Mo\u017enosti platby - Nordicflame\" \/>\n<meta property=\"og:description\" content=\"Platba Vyberte si mo\u017enost, kter\u00e1 v\u00e1m nejv\u00edce vyhovuje. Vklad na \u00fa\u010det \u010c\u00edslo \u00fa\u010dtu: 4026369058\/7500 \u010cSOBIBAN: SK0675000000004026369058 Kartou online\" \/>\n<meta property=\"og:url\" content=\"https:\/\/www.nordicflame.sk\/cs\/moznosti-platby\/\" \/>\n<meta property=\"og:site_name\" content=\"Nordicflame\" \/>\n<meta property=\"article:modified_time\" content=\"2020-12-06T23:52:50+00:00\" \/>\n<meta name=\"twitter:card\" content=\"summary_large_image\" \/>\n<meta name=\"twitter:label1\" content=\"Napsal(a)\">\n\t<meta name=\"twitter:data1\" content=\"Lukas Szabo\">\n\t<meta name=\"twitter:label2\" content=\"Odhadovan\u00e1 doba \u010dten\u00ed\">\n\t<meta name=\"twitter:data2\" content=\"0 minut\">\n<script type=\"application\/ld+json\" class=\"yoast-schema-graph\">{\"@context\":\"https:\/\/schema.org\",\"@graph\":[{\"@type\":\"Organization\",\"@id\":\"https:\/\/www.nordicflame.sk\/#organization\",\"name\":\"Nordic Flame\",\"url\":\"https:\/\/www.nordicflame.sk\/\",\"sameAs\":[],\"logo\":{\"@type\":\"ImageObject\",\"@id\":\"https:\/\/www.nordicflame.sk\/#logo\",\"inLanguage\":\"cs\",\"url\":\"\",\"caption\":\"Nordic Flame\"},\"image\":{\"@id\":\"https:\/\/www.nordicflame.sk\/#logo\"}},{\"@type\":\"WebSite\",\"@id\":\"https:\/\/www.nordicflame.sk\/#website\",\"url\":\"https:\/\/www.nordicflame.sk\/\",\"name\":\"Nordicflame\",\"description\":\"Designov\\u00e9 hasiace pr\\u00edstroje\",\"publisher\":{\"@id\":\"https:\/\/www.nordicflame.sk\/#organization\"},\"potentialAction\":[{\"@type\":\"SearchAction\",\"target\":\"https:\/\/www.nordicflame.sk\/?s={search_term_string}\",\"query-input\":\"required name=search_term_string\"}],\"inLanguage\":\"cs\"},{\"@type\":\"WebPage\",\"@id\":\"https:\/\/www.nordicflame.sk\/cs\/moznosti-platby\/#webpage\",\"url\":\"https:\/\/www.nordicflame.sk\/cs\/moznosti-platby\/\",\"name\":\"Mo\\u017enosti platby - Nordicflame\",\"isPartOf\":{\"@id\":\"https:\/\/www.nordicflame.sk\/#website\"},\"datePublished\":\"2020-12-03T16:05:44+00:00\",\"dateModified\":\"2020-12-06T23:52:50+00:00\",\"inLanguage\":\"cs\",\"potentialAction\":[{\"@type\":\"ReadAction\",\"target\":[\"https:\/\/www.nordicflame.sk\/cs\/moznosti-platby\/\"]}]}]}<\/script>\n<!-- \/ Yoast SEO plugin. -->","_links":{"self":[{"href":"https:\/\/www.nordicflame.sk\/cs\/wp-json\/wp\/v2\/pages\/9952"}],"collection":[{"href":"https:\/\/www.nordicflame.sk\/cs\/wp-json\/wp\/v2\/pages"}],"about":[{"href":"https:\/\/www.nordicflame.sk\/cs\/wp-json\/wp\/v2\/types\/page"}],"author":[{"embeddable":true,"href":"https:\/\/www.nordicflame.sk\/cs\/wp-json\/wp\/v2\/users\/4"}],"replies":[{"embeddable":true,"href":"https:\/\/www.nordicflame.sk\/cs\/wp-json\/wp\/v2\/comments?post=9952"}],"version-history":[{"count":6,"href":"https:\/\/www.nordicflame.sk\/cs\/wp-json\/wp\/v2\/pages\/9952\/revisions"}],"predecessor-version":[{"id":11050,"href":"https:\/\/www.nordicflame.sk\/cs\/wp-json\/wp\/v2\/pages\/9952\/revisions\/11050"}],"wp:attachment":[{"href":"https:\/\/www.nordicflame.sk\/cs\/wp-json\/wp\/v2\/media?parent=9952"}],"curies":[{"name":"wp","href":"https:\/\/api.w.org\/{rel}","templated":true}]}}