{"id":9957,"date":"2020-12-03T17:06:33","date_gmt":"2020-12-03T16:06:33","guid":{"rendered":"https:\/\/www.nordicflame.sk\/?page_id=9957"},"modified":"2020-12-05T01:37:02","modified_gmt":"2020-12-05T00:37:02","slug":"o-nas","status":"publish","type":"page","link":"https:\/\/www.nordicflame.sk\/cs\/o-nas\/","title":{"rendered":"O N\u00e1s"},"content":{"rendered":"\t\t<div data-elementor-type=\"wp-page\" data-elementor-id=\"9957\" class=\"elementor elementor-9957 elementor-6795\" data-elementor-settings=\"[]\">\n\t\t\t\t\t\t<div class=\"elementor-inner\">\n\t\t\t\t\t\t\t<div class=\"elementor-section-wrap\">\n\t\t\t\t\t\t\t<section data-particle_enable=\"false\" data-particle-mobile-disabled=\"false\" class=\"elementor-section elementor-top-section elementor-element elementor-element-f755a94 elementor-section-full_width elementor-section-height-min-height elementor-section-stretched elementor-section-height-default elementor-section-items-middle\" data-id=\"f755a94\" data-element_type=\"section\" data-settings=\"{&quot;stretch_section&quot;:&quot;section-stretched&quot;,&quot;background_background&quot;:&quot;classic&quot;}\">\n\t\t\t\t\t\t<div class=\"elementor-container elementor-column-gap-default\">\n\t\t\t\t\t\t\t<div class=\"elementor-row\">\n\t\t\t\t\t<div class=\"elementor-column elementor-col-100 elementor-top-column elementor-element elementor-element-e6e405b\" data-id=\"e6e405b\" data-element_type=\"column\">\n\t\t\t<div class=\"elementor-column-wrap\">\n\t\t\t\t\t\t\t<div class=\"elementor-widget-wrap\">\n\t\t\t\t\t\t\t\t<\/div>\n\t\t\t\t\t<\/div>\n\t\t<\/div>\n\t\t\t\t\t\t\t\t<\/div>\n\t\t\t\t\t<\/div>\n\t\t<\/section>\n\t\t\t\t<section data-particle_enable=\"false\" data-particle-mobile-disabled=\"false\" class=\"elementor-section elementor-top-section elementor-element elementor-element-4310500d elementor-section-boxed elementor-section-height-default elementor-section-height-default\" data-id=\"4310500d\" data-element_type=\"section\">\n\t\t\t\t\t\t<div class=\"elementor-container elementor-column-gap-default\">\n\t\t\t\t\t\t\t<div class=\"elementor-row\">\n\t\t\t\t\t<div class=\"elementor-column elementor-col-100 elementor-top-column elementor-element elementor-element-5387da3e\" data-id=\"5387da3e\" data-element_type=\"column\">\n\t\t\t<div class=\"elementor-column-wrap elementor-element-populated\">\n\t\t\t\t\t\t\t<div class=\"elementor-widget-wrap\">\n\t\t\t\t\t\t<div class=\"elementor-element elementor-element-531ad86e elementor-widget elementor-widget-text-editor\" data-id=\"531ad86e\" data-element_type=\"widget\" data-widget_type=\"text-editor.default\">\n\t\t\t\t<div class=\"elementor-widget-container\">\n\t\t\t\t\t<div class=\"elementor-text-editor elementor-clearfix\"><h2>Po\u017e\u00e1rn\u00ed ochrana se kone\u010dn\u011b st\u00e1v\u00e1 stylovou sou\u010d\u00e1st\u00ed domova.<\/h2><p><span style=\"font-weight: 400;\">Po\u017e\u00e1rn\u00ed ochrana je v\u017edy aktu\u00e1ln\u00edm a d\u016fle\u017eit\u00fdm t\u00e9matem, zejm\u00e9na ve vlastn\u00edm dom\u011b. Tradi\u010dn\u00ed v\u00fdrobky po\u017e\u00e1rn\u00ed bezpe\u010dnosti v\u0161ak obvykle nejsou vizu\u00e1ln\u011b estetick\u00e9 a obvykle kon\u010d\u00ed ukryt\u00e9 ve sk\u0159\u00edni. Produkty Nordic Flame jsou vyrobeny a nadesignovan\u00e9 tak, aby byly exponov\u00e1ny a d\u00edky tomu jsou v p\u0159\u00edpad\u011b pot\u0159eby snadno dostupn\u00e9. Pokud m\u00e1te hasic\u00ed p\u0159\u00edstroj nebo p\u0159ikr\u00fdvku na dosah ruky, m\u016f\u017eete zakro\u010dit v po\u010d\u00e1te\u010dn\u00edm st\u00e1diu po\u017e\u00e1ru a t\u00edm zabr\u00e1nit p\u0159\u00edpadn\u00fdm v\u00e1\u017en\u00fdm \u0161kod\u00e1m na majetku a zdrav\u00ed.\u00a0\u00a0<\/span><span style=\"font-size: 15px; font-weight: 400; color: var( --e-global-color-text ); font-family: var( --e-global-typography-text-font-family ), Sans-serif;\">Dejte sv\u00e9mu domovu nov\u00fd level bezpe\u010d\u00ed a klidu pomoc\u00ed produkt\u016f protipo\u017e\u00e1rn\u00ed bezpe\u010dnosti od spole\u010dnosti Nordic Flame.<\/span><\/p><h2><span style=\"font-family: Montserrat;\">\u00a0<\/span><\/h2><h2><span style=\"font-family: Montserrat;\">Na\u0161e spolo\u010dnos\u0165<\/span><\/h2><p><span style=\"font-weight: 400;\">Nordic Flame je dce\u0159inou spole\u010dnost\u00ed Tradingbox AB, mal\u00e9 dynamick\u00e9 \u0161v\u00e9dsk\u00e9 spole\u010dnosti se s\u00eddlem ve Stockholmu.\u00a0<\/span><span style=\"font-size: 15px; font-weight: 400; color: var( --e-global-color-text ); font-family: var( --e-global-typography-text-font-family ), Sans-serif;\">Navrhujeme a produkujeme exkluzivn\u00ed skandin\u00e1vsk\u00e9 v\u00fdrobky v oblasti kuchy\u0148sk\u00fdch a bytov\u00fdch dopl\u0148k\u016f, textilu a designov\u00fdch s\u00e9ri\u00ed protipo\u017e\u00e1rn\u00edch v\u00fdrobk\u016f.\u00a0<\/span><span style=\"font-size: 15px; font-weight: 400; color: var( --e-global-color-text ); font-family: var( --e-global-typography-text-font-family ), Sans-serif;\">Na\u0161imi klienty jsou interi\u00e9rov\u00e9 prodejny a design\u00e9rsk\u00e9 domy ve \u0160v\u00e9dsku a Norsku. Na t\u011bchto trz\u00edch jsme dob\u0159e zaveden\u00ed se zn\u00e1m\u00fdmi zna\u010dkami Solstickan Design\u00a0<\/span><span style=\"font-size: 15px; font-weight: 400; color: var( --e-global-color-text ); font-family: var( --e-global-typography-text-font-family ), Sans-serif;\">(<\/span><strong><a href=\"https:\/\/www.solstickandesign.se\/\">www.solstickandesign.se<\/a><\/strong><span style=\"font-size: 15px; font-weight: 400; color: var( --e-global-color-text ); font-family: var( --e-global-typography-text-font-family ), Sans-serif;\">) a Nitedals Design (<\/span><strong><a href=\"http:\/\/www.nitedalsdesign.no\/\">www.nitedalsdesign.no<\/a><\/strong><span style=\"font-size: 15px; font-weight: 400; color: var( --e-global-color-text ); font-family: var( --e-global-typography-text-font-family ), Sans-serif;\">). <\/span><span style=\"font-weight: 400;\">Velk\u00fd \u00fasp\u011bch t\u00e9to divize na skandin\u00e1vsk\u00e9m trhu spo\u010d\u00edv\u00e1 v p\u0159ita\u017eliv\u00fdch produktech, samotn\u00e9m designu produkt\u016f i obal\u016f, bezkonkuren\u010dn\u00edch v\u00fdhod produkt\u016f a siln\u00fdch obchodn\u00edch partnerech. <\/span><span style=\"font-size: 15px; font-weight: 400; color: var( --e-global-color-text ); font-family: var( --e-global-typography-text-font-family ), Sans-serif;\">Na \u010desk\u00e9m a slovensk\u00e9m trhu jsme v exkluzivn\u00edm zastoupen\u00ed spole\u010dnost\u00ed AVAVA.<\/span><\/p><\/div>\n\t\t\t\t<\/div>\n\t\t\t\t<\/div>\n\t\t\t\t\t\t<\/div>\n\t\t\t\t\t<\/div>\n\t\t<\/div>\n\t\t\t\t\t\t\t\t<\/div>\n\t\t\t\t\t<\/div>\n\t\t<\/section>\n\t\t\t\t\t\t<\/div>\n\t\t\t\t\t\t<\/div>\n\t\t\t\t\t<\/div>\n\t\t","protected":false},"excerpt":{"rendered":"<p>Po\u017e\u00e1rn\u00ed ochrana se kone\u010dn\u011b st\u00e1v\u00e1 stylovou sou\u010d\u00e1st\u00ed domova. Po\u017e\u00e1rn\u00ed ochrana je v\u017edy aktu\u00e1ln\u00edm a d\u016fle\u017eit\u00fdm t\u00e9matem, zejm\u00e9na ve vlastn\u00edm dom\u011b. Tradi\u010dn\u00ed v\u00fdrobky po\u017e\u00e1rn\u00ed bezpe\u010dnosti v\u0161ak obvykle nejsou vizu\u00e1ln\u011b estetick\u00e9 a obvykle kon\u010d\u00ed ukryt\u00e9 ve sk\u0159\u00edni. Produkty Nordic Flame jsou vyrobeny a nadesignovan\u00e9 tak, aby byly exponov\u00e1ny a d\u00edky tomu jsou v p\u0159\u00edpad\u011b pot\u0159eby snadno dostupn\u00e9. &hellip;<\/p>\n<p class=\"read-more\"> <a class=\"\" href=\"https:\/\/www.nordicflame.sk\/cs\/o-nas\/\"> <span class=\"screen-reader-text\">O N\u00e1s<\/span> Read More \u00bb<\/a><\/p>\n","protected":false},"author":4,"featured_media":0,"parent":0,"menu_order":0,"comment_status":"closed","ping_status":"closed","template":"elementor_header_footer","meta":[],"yoast_head":"<!-- This site is optimized with the Yoast SEO plugin v15.4 - https:\/\/yoast.com\/wordpress\/plugins\/seo\/ -->\n<title>O N\u00e1s - Nordicflame<\/title>\n<meta name=\"robots\" content=\"index, follow, max-snippet:-1, max-image-preview:large, max-video-preview:-1\" \/>\n<link rel=\"canonical\" href=\"https:\/\/www.nordicflame.sk\/cs\/o-nas\/\" \/>\n<meta property=\"og:locale\" content=\"cs_CZ\" \/>\n<meta property=\"og:type\" content=\"article\" \/>\n<meta property=\"og:title\" content=\"O N\u00e1s - Nordicflame\" \/>\n<meta property=\"og:description\" content=\"Po\u017e\u00e1rn\u00ed ochrana se kone\u010dn\u011b st\u00e1v\u00e1 stylovou sou\u010d\u00e1st\u00ed domova. Po\u017e\u00e1rn\u00ed ochrana je v\u017edy aktu\u00e1ln\u00edm a d\u016fle\u017eit\u00fdm t\u00e9matem, zejm\u00e9na ve vlastn\u00edm dom\u011b. Tradi\u010dn\u00ed v\u00fdrobky po\u017e\u00e1rn\u00ed bezpe\u010dnosti v\u0161ak obvykle nejsou vizu\u00e1ln\u011b estetick\u00e9 a obvykle kon\u010d\u00ed ukryt\u00e9 ve sk\u0159\u00edni. Produkty Nordic Flame jsou vyrobeny a nadesignovan\u00e9 tak, aby byly exponov\u00e1ny a d\u00edky tomu jsou v p\u0159\u00edpad\u011b pot\u0159eby snadno dostupn\u00e9. &hellip; O N\u00e1s Read More \u00bb\" \/>\n<meta property=\"og:url\" content=\"https:\/\/www.nordicflame.sk\/cs\/o-nas\/\" \/>\n<meta property=\"og:site_name\" content=\"Nordicflame\" \/>\n<meta property=\"article:modified_time\" content=\"2020-12-05T00:37:02+00:00\" \/>\n<meta name=\"twitter:card\" content=\"summary_large_image\" \/>\n<meta name=\"twitter:label1\" content=\"Napsal(a)\">\n\t<meta name=\"twitter:data1\" content=\"Lukas Szabo\">\n\t<meta name=\"twitter:label2\" content=\"Odhadovan\u00e1 doba \u010dten\u00ed\">\n\t<meta name=\"twitter:data2\" content=\"1 minuta\">\n<script type=\"application\/ld+json\" class=\"yoast-schema-graph\">{\"@context\":\"https:\/\/schema.org\",\"@graph\":[{\"@type\":\"Organization\",\"@id\":\"https:\/\/www.nordicflame.sk\/#organization\",\"name\":\"Nordic Flame\",\"url\":\"https:\/\/www.nordicflame.sk\/\",\"sameAs\":[],\"logo\":{\"@type\":\"ImageObject\",\"@id\":\"https:\/\/www.nordicflame.sk\/#logo\",\"inLanguage\":\"cs\",\"url\":\"\",\"caption\":\"Nordic Flame\"},\"image\":{\"@id\":\"https:\/\/www.nordicflame.sk\/#logo\"}},{\"@type\":\"WebSite\",\"@id\":\"https:\/\/www.nordicflame.sk\/#website\",\"url\":\"https:\/\/www.nordicflame.sk\/\",\"name\":\"Nordicflame\",\"description\":\"Designov\\u00e9 hasiace pr\\u00edstroje\",\"publisher\":{\"@id\":\"https:\/\/www.nordicflame.sk\/#organization\"},\"potentialAction\":[{\"@type\":\"SearchAction\",\"target\":\"https:\/\/www.nordicflame.sk\/?s={search_term_string}\",\"query-input\":\"required name=search_term_string\"}],\"inLanguage\":\"cs\"},{\"@type\":\"WebPage\",\"@id\":\"https:\/\/www.nordicflame.sk\/cs\/o-nas\/#webpage\",\"url\":\"https:\/\/www.nordicflame.sk\/cs\/o-nas\/\",\"name\":\"O N\\u00e1s - Nordicflame\",\"isPartOf\":{\"@id\":\"https:\/\/www.nordicflame.sk\/#website\"},\"datePublished\":\"2020-12-03T16:06:33+00:00\",\"dateModified\":\"2020-12-05T00:37:02+00:00\",\"inLanguage\":\"cs\",\"potentialAction\":[{\"@type\":\"ReadAction\",\"target\":[\"https:\/\/www.nordicflame.sk\/cs\/o-nas\/\"]}]}]}<\/script>\n<!-- \/ Yoast SEO plugin. -->","_links":{"self":[{"href":"https:\/\/www.nordicflame.sk\/cs\/wp-json\/wp\/v2\/pages\/9957"}],"collection":[{"href":"https:\/\/www.nordicflame.sk\/cs\/wp-json\/wp\/v2\/pages"}],"about":[{"href":"https:\/\/www.nordicflame.sk\/cs\/wp-json\/wp\/v2\/types\/page"}],"author":[{"embeddable":true,"href":"https:\/\/www.nordicflame.sk\/cs\/wp-json\/wp\/v2\/users\/4"}],"replies":[{"embeddable":true,"href":"https:\/\/www.nordicflame.sk\/cs\/wp-json\/wp\/v2\/comments?post=9957"}],"version-history":[{"count":6,"href":"https:\/\/www.nordicflame.sk\/cs\/wp-json\/wp\/v2\/pages\/9957\/revisions"}],"predecessor-version":[{"id":10757,"href":"https:\/\/www.nordicflame.sk\/cs\/wp-json\/wp\/v2\/pages\/9957\/revisions\/10757"}],"wp:attachment":[{"href":"https:\/\/www.nordicflame.sk\/cs\/wp-json\/wp\/v2\/media?parent=9957"}],"curies":[{"name":"wp","href":"https:\/\/api.w.org\/{rel}","templated":true}]}}