{"id":9961,"date":"2020-12-03T17:06:46","date_gmt":"2020-12-03T16:06:46","guid":{"rendered":"https:\/\/www.nordicflame.sk\/?page_id=9961"},"modified":"2020-12-06T23:55:23","modified_gmt":"2020-12-06T22:55:23","slug":"garance","status":"publish","type":"page","link":"https:\/\/www.nordicflame.sk\/cs\/garance\/","title":{"rendered":"Garance"},"content":{"rendered":"\t\t<div data-elementor-type=\"wp-page\" data-elementor-id=\"9961\" class=\"elementor elementor-9961 elementor-6885\" data-elementor-settings=\"[]\">\n\t\t\t\t\t\t<div class=\"elementor-inner\">\n\t\t\t\t\t\t\t<div class=\"elementor-section-wrap\">\n\t\t\t\t\t\t\t<section data-particle_enable=\"false\" data-particle-mobile-disabled=\"false\" class=\"elementor-section elementor-top-section elementor-element elementor-element-ad2dfbf elementor-section-full_width elementor-section-height-min-height elementor-section-stretched elementor-section-height-default elementor-section-items-middle\" data-id=\"ad2dfbf\" data-element_type=\"section\" data-settings=\"{&quot;stretch_section&quot;:&quot;section-stretched&quot;,&quot;background_background&quot;:&quot;classic&quot;}\">\n\t\t\t\t\t\t<div class=\"elementor-container elementor-column-gap-default\">\n\t\t\t\t\t\t\t<div class=\"elementor-row\">\n\t\t\t\t\t<div class=\"elementor-column elementor-col-100 elementor-top-column elementor-element elementor-element-6679eef\" data-id=\"6679eef\" data-element_type=\"column\">\n\t\t\t<div class=\"elementor-column-wrap\">\n\t\t\t\t\t\t\t<div class=\"elementor-widget-wrap\">\n\t\t\t\t\t\t\t\t<\/div>\n\t\t\t\t\t<\/div>\n\t\t<\/div>\n\t\t\t\t\t\t\t\t<\/div>\n\t\t\t\t\t<\/div>\n\t\t<\/section>\n\t\t\t\t<section data-particle_enable=\"false\" data-particle-mobile-disabled=\"false\" class=\"elementor-section elementor-top-section elementor-element elementor-element-74ff4330 elementor-section-boxed elementor-section-height-default elementor-section-height-default\" data-id=\"74ff4330\" data-element_type=\"section\">\n\t\t\t\t\t\t<div class=\"elementor-container elementor-column-gap-default\">\n\t\t\t\t\t\t\t<div class=\"elementor-row\">\n\t\t\t\t\t<div class=\"elementor-column elementor-col-100 elementor-top-column elementor-element elementor-element-163a53db\" data-id=\"163a53db\" data-element_type=\"column\">\n\t\t\t<div class=\"elementor-column-wrap elementor-element-populated\">\n\t\t\t\t\t\t\t<div class=\"elementor-widget-wrap\">\n\t\t\t\t\t\t<div class=\"elementor-element elementor-element-aaf6a71 elementor-widget elementor-widget-image\" data-id=\"aaf6a71\" data-element_type=\"widget\" data-widget_type=\"image.default\">\n\t\t\t\t<div class=\"elementor-widget-container\">\n\t\t\t\t\t<div class=\"elementor-image\">\n\t\t\t\t\t\t\t\t\t\t<img src=\"https:\/\/www.nordicflame.sk\/wp-content\/uploads\/2020\/11\/NF_seal_web_134x134_crop_center@2x-1.png\" title=\"\" alt=\"\" \/>\t\t\t\t\t\t\t\t\t\t\t<\/div>\n\t\t\t\t<\/div>\n\t\t\t\t<\/div>\n\t\t\t\t<div class=\"elementor-element elementor-element-3ed80b83 elementor-widget elementor-widget-text-editor\" data-id=\"3ed80b83\" data-element_type=\"widget\" data-widget_type=\"text-editor.default\">\n\t\t\t\t<div class=\"elementor-widget-container\">\n\t\t\t\t\t<div class=\"elementor-text-editor elementor-clearfix\"><h2 style=\"font-style: normal;\"><span style=\"font-size: 30px; font-family: Montserrat;\">Bezpe\u010dnost\u00ed z\u00e1ruka<\/span><\/h2><p style=\"font-size: 15px; font-style: normal; font-weight: 400;\"><span style=\"font-weight: 400;\">Spolehliv\u00e9 hasic\u00ed p\u0159\u00edstroje Nordic Flame maj\u00ed <\/span><span style=\"font-weight: 400;\">od v\u00fdroby<\/span><span style=\"font-weight: 400;\"> z\u00e1ruku 5 let na pokles tlaku.<\/span><\/p><p><span style=\"font-weight: 400;\">Nav\u00edc, pokud jste pou\u017eili sv\u016fj hasic\u00ed p\u0159\u00edstroj Nordic Flame p\u0159i po\u017e\u00e1ru, dostanete od n\u00e1s nov\u00fd. Podm\u00ednkou je registrace za\u0159\u00edzen\u00ed a ohl\u00e1\u0161en\u00ed po\u017e\u00e1rn\u00ed ud\u00e1losti poji\u0161\u0165ovn\u011b.<br \/><\/span><span style=\"font-weight: 400;\">Jednoduch\u00e1 registrace hasic\u00edho p\u0159\u00edstroje prost\u0159ednictv\u00edm tohoto formul\u00e1\u0159e je pro uplatn\u011bn\u00ed z\u00e1ruky pot\u0159ebn\u00e1 nejpozd\u011bji do 6 m\u011bs\u00edc\u016f od data n\u00e1kupu. Tato z\u00e1ruka plat\u00ed 5 let od zakoupen\u00ed hasic\u00edho p\u0159\u00edstroje.<\/span><\/p><\/div>\n\t\t\t\t<\/div>\n\t\t\t\t<\/div>\n\t\t\t\t\t\t<\/div>\n\t\t\t\t\t<\/div>\n\t\t<\/div>\n\t\t\t\t\t\t\t\t<\/div>\n\t\t\t\t\t<\/div>\n\t\t<\/section>\n\t\t\t\t<section data-particle_enable=\"false\" data-particle-mobile-disabled=\"false\" class=\"elementor-section elementor-top-section elementor-element elementor-element-c8067b3 elementor-section-boxed elementor-section-height-default elementor-section-height-default\" data-id=\"c8067b3\" data-element_type=\"section\">\n\t\t\t\t\t\t<div class=\"elementor-container elementor-column-gap-default\">\n\t\t\t\t\t\t\t<div class=\"elementor-row\">\n\t\t\t\t\t<div class=\"elementor-column elementor-col-100 elementor-top-column elementor-element elementor-element-4cba3bb\" data-id=\"4cba3bb\" data-element_type=\"column\">\n\t\t\t<div class=\"elementor-column-wrap elementor-element-populated\">\n\t\t\t\t\t\t\t<div class=\"elementor-widget-wrap\">\n\t\t\t\t\t\t<div class=\"elementor-element elementor-element-314238e elementor-button-align-stretch elementor-widget elementor-widget-form\" data-id=\"314238e\" data-element_type=\"widget\" data-settings=\"{&quot;button_width&quot;:&quot;50&quot;,&quot;step_next_label&quot;:&quot;\\u010eal\\u0161ie&quot;,&quot;step_previous_label&quot;:&quot;Predo\\u0161l\\u00e9&quot;,&quot;step_type&quot;:&quot;number_text&quot;,&quot;step_icon_shape&quot;:&quot;circle&quot;}\" data-widget_type=\"form.default\">\n\t\t\t\t<div class=\"elementor-widget-container\">\n\t\t\t\t\t<form class=\"elementor-form\" method=\"post\" name=\"New Form\">\n\t\t\t<input type=\"hidden\" name=\"post_id\" value=\"9961\"\/>\n\t\t\t<input type=\"hidden\" name=\"form_id\" value=\"314238e\"\/>\n\n\t\t\t\n\t\t\t<div class=\"elementor-form-fields-wrapper elementor-labels-above\">\n\t\t\t\t\t\t\t\t<div class=\"elementor-field-type-text elementor-field-group elementor-column elementor-field-group-name elementor-col-50 elementor-field-required elementor-mark-required\">\n\t\t\t\t\t<label for=\"form-field-name\" class=\"elementor-field-label\">Jm\u00e9no a p\u0159\u00edjmen\u00ed<\/label><input size=\"1\" type=\"text\" name=\"form_fields[name]\" id=\"form-field-name\" class=\"elementor-field elementor-size-sm  elementor-field-textual\" placeholder=\"Jm\u00e9no a p\u0159\u00edjmen\u00ed\" required=\"required\" aria-required=\"true\">\t\t\t\t<\/div>\n\t\t\t\t\t\t\t\t<div class=\"elementor-field-type-email elementor-field-group elementor-column elementor-field-group-email elementor-col-50 elementor-field-required elementor-mark-required\">\n\t\t\t\t\t<label for=\"form-field-email\" class=\"elementor-field-label\">Email<\/label><input size=\"1\" type=\"email\" name=\"form_fields[email]\" id=\"form-field-email\" class=\"elementor-field elementor-size-sm  elementor-field-textual\" placeholder=\"Email\" required=\"required\" aria-required=\"true\">\t\t\t\t<\/div>\n\t\t\t\t\t\t\t\t<div class=\"elementor-field-type-radio elementor-field-group elementor-column elementor-field-group-message elementor-col-100 elementor-field-required elementor-mark-required\">\n\t\t\t\t\t<label for=\"form-field-message\" class=\"elementor-field-label\">V\u00e1\u0161 produkt<\/label><div class=\"elementor-field-subgroup  elementor-subgroup-inline\"><span class=\"elementor-field-option\"><input type=\"radio\" value=\"2 kg - Classic White \/ Black\" id=\"form-field-message-0\" name=\"form_fields[message]\" required=\"required\" aria-required=\"true\"> <label for=\"form-field-message-0\">2 kg - Classic White \/ Black<\/label><\/span><span class=\"elementor-field-option\"><input type=\"radio\" value=\"2 kg - Black Gold\" id=\"form-field-message-1\" name=\"form_fields[message]\" required=\"required\" aria-required=\"true\"> <label for=\"form-field-message-1\">2 kg - Black Gold<\/label><\/span><span class=\"elementor-field-option\"><input type=\"radio\" value=\"2 kg - Leather Edition \u2013 tmav\u00e1 k\u016f\u017ee\" id=\"form-field-message-2\" name=\"form_fields[message]\" required=\"required\" aria-required=\"true\"> <label for=\"form-field-message-2\">2 kg - Leather Edition \u2013 tmav\u00e1 k\u016f\u017ee<\/label><\/span><span class=\"elementor-field-option\"><input type=\"radio\" value=\"2 kg - Leather edition \u2013 sv\u011btl\u00e1 k\u016f\u017ee\" id=\"form-field-message-3\" name=\"form_fields[message]\" required=\"required\" aria-required=\"true\"> <label for=\"form-field-message-3\">2 kg - Leather edition \u2013 sv\u011btl\u00e1 k\u016f\u017ee<\/label><\/span><span class=\"elementor-field-option\"><input type=\"radio\" value=\"2 kg - Steel\" id=\"form-field-message-4\" name=\"form_fields[message]\" required=\"required\" aria-required=\"true\"> <label for=\"form-field-message-4\">2 kg - Steel<\/label><\/span><span class=\"elementor-field-option\"><input type=\"radio\" value=\"6 kg - Classic White \" id=\"form-field-message-5\" name=\"form_fields[message]\" required=\"required\" aria-required=\"true\"> <label for=\"form-field-message-5\">6 kg - Classic White <\/label><\/span><span class=\"elementor-field-option\"><input type=\"radio\" value=\"6 kg - Steel\" id=\"form-field-message-6\" name=\"form_fields[message]\" required=\"required\" aria-required=\"true\"> <label for=\"form-field-message-6\">6 kg - Steel<\/label><\/span><\/div>\t\t\t\t<\/div>\n\t\t\t\t\t\t\t\t<div class=\"elementor-field-type-text elementor-field-group elementor-column elementor-field-group-field_53dffe7 elementor-col-50 elementor-field-required elementor-mark-required\">\n\t\t\t\t\t<label for=\"form-field-field_53dffe7\" class=\"elementor-field-label\">M\u00edsto n\u00e1kupu<\/label><input size=\"1\" type=\"text\" name=\"form_fields[field_53dffe7]\" id=\"form-field-field_53dffe7\" class=\"elementor-field elementor-size-sm  elementor-field-textual\" placeholder=\"M\u00edsto n\u00e1kupu\" required=\"required\" aria-required=\"true\">\t\t\t\t<\/div>\n\t\t\t\t\t\t\t\t<div class=\"elementor-field-type-text elementor-field-group elementor-column elementor-field-group-field_2ed4bde elementor-col-50 elementor-field-required elementor-mark-required\">\n\t\t\t\t\t<label for=\"form-field-field_2ed4bde\" class=\"elementor-field-label\">D\u00e1tum n\u00e1kupu<\/label><input size=\"1\" type=\"text\" name=\"form_fields[field_2ed4bde]\" id=\"form-field-field_2ed4bde\" class=\"elementor-field elementor-size-sm  elementor-field-textual\" placeholder=\"D\u00e1tum n\u00e1kupu\" required=\"required\" aria-required=\"true\">\t\t\t\t<\/div>\n\t\t\t\t\t\t\t\t<div class=\"elementor-field-type-checkbox elementor-field-group elementor-column elementor-field-group-field_09a6b2e elementor-col-50\">\n\t\t\t\t\t<div class=\"elementor-field-subgroup  \"><span class=\"elementor-field-option\"><input type=\"checkbox\" value=\"P\u0159e\u010dtla \/ p\u0159e\u010detl jsem a p\u0159\u00edj\u00edmam podm\u00ednky bezpe\u010dnostn\u00ed z\u00e1ruky\" id=\"form-field-field_09a6b2e-0\" name=\"form_fields[field_09a6b2e]\"> <label for=\"form-field-field_09a6b2e-0\">P\u0159e\u010dtla \/ p\u0159e\u010detl jsem a p\u0159\u00edj\u00edmam podm\u00ednky bezpe\u010dnostn\u00ed z\u00e1ruky<\/label><\/span><\/div>\t\t\t\t<\/div>\n\t\t\t\t\t\t\t\t<div class=\"elementor-field-group elementor-column elementor-field-type-submit elementor-col-50 e-form__buttons\">\n\t\t\t\t\t<button type=\"submit\" class=\"elementor-button elementor-size-sm\">\n\t\t\t\t\t\t<span >\n\t\t\t\t\t\t\t\t\t\t\t\t\t\t\t<span class=\" elementor-button-icon\">\n\t\t\t\t\t\t\t\t\t\t\t\t\t\t\t\t\t\t\t\t\t\t\t\t\t\t<\/span>\n\t\t\t\t\t\t\t\t\t\t\t\t\t\t\t\t\t\t\t\t\t\t<span class=\"elementor-button-text\">Posla\u0165<\/span>\n\t\t\t\t\t\t\t\t\t\t\t\t\t<\/span>\n\t\t\t\t\t<\/button>\n\t\t\t\t<\/div>\n\t\t\t<\/div>\n\t\t<\/form>\n\t\t\t\t<\/div>\n\t\t\t\t<\/div>\n\t\t\t\t\t\t<\/div>\n\t\t\t\t\t<\/div>\n\t\t<\/div>\n\t\t\t\t\t\t\t\t<\/div>\n\t\t\t\t\t<\/div>\n\t\t<\/section>\n\t\t\t\t\t\t<\/div>\n\t\t\t\t\t\t<\/div>\n\t\t\t\t\t<\/div>\n\t\t","protected":false},"excerpt":{"rendered":"<p>Bezpe\u010dnost\u00ed z\u00e1ruka Spolehliv\u00e9 hasic\u00ed p\u0159\u00edstroje Nordic Flame maj\u00ed od v\u00fdroby z\u00e1ruku 5 let na pokles tlaku. Nav\u00edc, pokud jste pou\u017eili sv\u016fj hasic\u00ed p\u0159\u00edstroj Nordic Flame p\u0159i po\u017e\u00e1ru, dostanete od n\u00e1s nov\u00fd. Podm\u00ednkou je registrace za\u0159\u00edzen\u00ed a ohl\u00e1\u0161en\u00ed po\u017e\u00e1rn\u00ed ud\u00e1losti poji\u0161\u0165ovn\u011b.Jednoduch\u00e1 registrace hasic\u00edho p\u0159\u00edstroje prost\u0159ednictv\u00edm tohoto formul\u00e1\u0159e je pro uplatn\u011bn\u00ed z\u00e1ruky pot\u0159ebn\u00e1 nejpozd\u011bji do 6 m\u011bs\u00edc\u016f &hellip;<\/p>\n<p class=\"read-more\"> <a class=\"\" href=\"https:\/\/www.nordicflame.sk\/cs\/garance\/\"> <span class=\"screen-reader-text\">Garance<\/span> Read More \u00bb<\/a><\/p>\n","protected":false},"author":4,"featured_media":0,"parent":0,"menu_order":0,"comment_status":"closed","ping_status":"closed","template":"elementor_header_footer","meta":[],"yoast_head":"<!-- This site is optimized with the Yoast SEO plugin v15.4 - https:\/\/yoast.com\/wordpress\/plugins\/seo\/ -->\n<title>Garance - Nordicflame<\/title>\n<meta name=\"robots\" content=\"index, follow, max-snippet:-1, max-image-preview:large, max-video-preview:-1\" \/>\n<link rel=\"canonical\" href=\"https:\/\/www.nordicflame.sk\/cs\/garance\/\" \/>\n<meta property=\"og:locale\" content=\"cs_CZ\" \/>\n<meta property=\"og:type\" content=\"article\" \/>\n<meta property=\"og:title\" content=\"Garance - Nordicflame\" \/>\n<meta property=\"og:description\" content=\"Bezpe\u010dnost\u00ed z\u00e1ruka Spolehliv\u00e9 hasic\u00ed p\u0159\u00edstroje Nordic Flame maj\u00ed od v\u00fdroby z\u00e1ruku 5 let na pokles tlaku. Nav\u00edc, pokud jste pou\u017eili sv\u016fj hasic\u00ed p\u0159\u00edstroj Nordic Flame p\u0159i po\u017e\u00e1ru, dostanete od n\u00e1s nov\u00fd. Podm\u00ednkou je registrace za\u0159\u00edzen\u00ed a ohl\u00e1\u0161en\u00ed po\u017e\u00e1rn\u00ed ud\u00e1losti poji\u0161\u0165ovn\u011b.Jednoduch\u00e1 registrace hasic\u00edho p\u0159\u00edstroje prost\u0159ednictv\u00edm tohoto formul\u00e1\u0159e je pro uplatn\u011bn\u00ed z\u00e1ruky pot\u0159ebn\u00e1 nejpozd\u011bji do 6 m\u011bs\u00edc\u016f &hellip; Garance Read More \u00bb\" \/>\n<meta property=\"og:url\" content=\"https:\/\/www.nordicflame.sk\/cs\/garance\/\" \/>\n<meta property=\"og:site_name\" content=\"Nordicflame\" \/>\n<meta property=\"article:modified_time\" content=\"2020-12-06T22:55:23+00:00\" \/>\n<meta property=\"og:image\" content=\"https:\/\/www.nordicflame.sk\/wp-content\/uploads\/2020\/11\/NF_seal_web_134x134_crop_center@2x-1.png\" \/>\n<meta name=\"twitter:card\" content=\"summary_large_image\" \/>\n<meta name=\"twitter:label1\" content=\"Napsal(a)\">\n\t<meta name=\"twitter:data1\" content=\"Lukas Szabo\">\n\t<meta name=\"twitter:label2\" content=\"Odhadovan\u00e1 doba \u010dten\u00ed\">\n\t<meta name=\"twitter:data2\" content=\"0 minut\">\n<script type=\"application\/ld+json\" class=\"yoast-schema-graph\">{\"@context\":\"https:\/\/schema.org\",\"@graph\":[{\"@type\":\"Organization\",\"@id\":\"https:\/\/www.nordicflame.sk\/#organization\",\"name\":\"Nordic Flame\",\"url\":\"https:\/\/www.nordicflame.sk\/\",\"sameAs\":[],\"logo\":{\"@type\":\"ImageObject\",\"@id\":\"https:\/\/www.nordicflame.sk\/#logo\",\"inLanguage\":\"cs\",\"url\":\"\",\"caption\":\"Nordic Flame\"},\"image\":{\"@id\":\"https:\/\/www.nordicflame.sk\/#logo\"}},{\"@type\":\"WebSite\",\"@id\":\"https:\/\/www.nordicflame.sk\/#website\",\"url\":\"https:\/\/www.nordicflame.sk\/\",\"name\":\"Nordicflame\",\"description\":\"Designov\\u00e9 hasiace pr\\u00edstroje\",\"publisher\":{\"@id\":\"https:\/\/www.nordicflame.sk\/#organization\"},\"potentialAction\":[{\"@type\":\"SearchAction\",\"target\":\"https:\/\/www.nordicflame.sk\/?s={search_term_string}\",\"query-input\":\"required name=search_term_string\"}],\"inLanguage\":\"cs\"},{\"@type\":\"ImageObject\",\"@id\":\"https:\/\/www.nordicflame.sk\/cs\/garance\/#primaryimage\",\"inLanguage\":\"cs\",\"url\":\"https:\/\/www.nordicflame.sk\/wp-content\/uploads\/2020\/11\/NF_seal_web_134x134_crop_center@2x-1.png\"},{\"@type\":\"WebPage\",\"@id\":\"https:\/\/www.nordicflame.sk\/cs\/garance\/#webpage\",\"url\":\"https:\/\/www.nordicflame.sk\/cs\/garance\/\",\"name\":\"Garance - Nordicflame\",\"isPartOf\":{\"@id\":\"https:\/\/www.nordicflame.sk\/#website\"},\"primaryImageOfPage\":{\"@id\":\"https:\/\/www.nordicflame.sk\/cs\/garance\/#primaryimage\"},\"datePublished\":\"2020-12-03T16:06:46+00:00\",\"dateModified\":\"2020-12-06T22:55:23+00:00\",\"inLanguage\":\"cs\",\"potentialAction\":[{\"@type\":\"ReadAction\",\"target\":[\"https:\/\/www.nordicflame.sk\/cs\/garance\/\"]}]}]}<\/script>\n<!-- \/ Yoast SEO plugin. -->","_links":{"self":[{"href":"https:\/\/www.nordicflame.sk\/cs\/wp-json\/wp\/v2\/pages\/9961"}],"collection":[{"href":"https:\/\/www.nordicflame.sk\/cs\/wp-json\/wp\/v2\/pages"}],"about":[{"href":"https:\/\/www.nordicflame.sk\/cs\/wp-json\/wp\/v2\/types\/page"}],"author":[{"embeddable":true,"href":"https:\/\/www.nordicflame.sk\/cs\/wp-json\/wp\/v2\/users\/4"}],"replies":[{"embeddable":true,"href":"https:\/\/www.nordicflame.sk\/cs\/wp-json\/wp\/v2\/comments?post=9961"}],"version-history":[{"count":7,"href":"https:\/\/www.nordicflame.sk\/cs\/wp-json\/wp\/v2\/pages\/9961\/revisions"}],"predecessor-version":[{"id":10967,"href":"https:\/\/www.nordicflame.sk\/cs\/wp-json\/wp\/v2\/pages\/9961\/revisions\/10967"}],"wp:attachment":[{"href":"https:\/\/www.nordicflame.sk\/cs\/wp-json\/wp\/v2\/media?parent=9961"}],"curies":[{"name":"wp","href":"https:\/\/api.w.org\/{rel}","templated":true}]}}