{"id":10357,"date":"2020-11-25T23:36:11","date_gmt":"2020-11-25T22:36:11","guid":{"rendered":"https:\/\/www.nordicflame.sk\/shop\/nezarazene\/cierna-konzola-do-auta\/"},"modified":"2020-12-16T16:05:30","modified_gmt":"2020-12-16T15:05:30","slug":"cierna-konzola-do-auta","status":"publish","type":"product","link":"https:\/\/www.nordicflame.sk\/cs\/shop\/prislusenstvo-cs\/cierna-konzola-do-auta\/","title":{"rendered":"\u010cern\u00e1 konzola do auta"},"content":{"rendered":"<p>Praktick\u00e1 konzola do auta. Vyhotoven\u00ed v \u010dernej barv\u011b.<\/p>\n","protected":false},"excerpt":{"rendered":"<p>Praktick\u00e1 konzola do auta. Vyhotoven\u00ed v \u010dernej barv\u011b.<\/p>\n","protected":false},"featured_media":10664,"template":"","meta":[],"yoast_head":"<!-- This site is optimized with the Yoast SEO plugin v15.4 - https:\/\/yoast.com\/wordpress\/plugins\/seo\/ -->\n<title>\u010cern\u00e1 konzola do auta - Nordicflame<\/title>\n<meta name=\"description\" content=\"Praktick\u00e1 konzola na uchytenie hasiaceho pr\u00edstoroja Nordicflame vo va\u0161om aute.\" \/>\n<meta name=\"robots\" content=\"index, follow, max-snippet:-1, max-image-preview:large, max-video-preview:-1\" \/>\n<link rel=\"canonical\" href=\"https:\/\/www.nordicflame.sk\/cs\/shop\/prislusenstvo-cs\/cierna-konzola-do-auta\/\" \/>\n<meta property=\"og:locale\" content=\"cs_CZ\" \/>\n<meta property=\"og:type\" content=\"article\" \/>\n<meta property=\"og:title\" content=\"\u010cern\u00e1 konzola do auta - Nordicflame\" \/>\n<meta property=\"og:description\" content=\"Praktick\u00e1 konzola na uchytenie hasiaceho pr\u00edstoroja Nordicflame vo va\u0161om aute.\" \/>\n<meta property=\"og:url\" content=\"https:\/\/www.nordicflame.sk\/cs\/shop\/prislusenstvo-cs\/cierna-konzola-do-auta\/\" \/>\n<meta property=\"og:site_name\" content=\"Nordicflame\" \/>\n<meta property=\"article:modified_time\" content=\"2020-12-16T15:05:30+00:00\" \/>\n<meta property=\"og:image\" content=\"https:\/\/www.nordicflame.sk\/wp-content\/uploads\/2020\/11\/Vehicle_kit_white.jpg\" \/>\n<meta name=\"twitter:card\" content=\"summary_large_image\" \/>\n<meta name=\"twitter:label1\" content=\"Napsal(a)\">\n\t<meta name=\"twitter:data1\" content=\"Michal\">\n\t<meta name=\"twitter:label2\" content=\"Odhadovan\u00e1 doba \u010dten\u00ed\">\n\t<meta name=\"twitter:data2\" content=\"0 minut\">\n<script type=\"application\/ld+json\" class=\"yoast-schema-graph\">{\"@context\":\"https:\/\/schema.org\",\"@graph\":[{\"@type\":\"Organization\",\"@id\":\"https:\/\/www.nordicflame.sk\/#organization\",\"name\":\"Nordic Flame\",\"url\":\"https:\/\/www.nordicflame.sk\/\",\"sameAs\":[],\"logo\":{\"@type\":\"ImageObject\",\"@id\":\"https:\/\/www.nordicflame.sk\/#logo\",\"inLanguage\":\"cs\",\"url\":\"\",\"caption\":\"Nordic Flame\"},\"image\":{\"@id\":\"https:\/\/www.nordicflame.sk\/#logo\"}},{\"@type\":\"WebSite\",\"@id\":\"https:\/\/www.nordicflame.sk\/#website\",\"url\":\"https:\/\/www.nordicflame.sk\/\",\"name\":\"Nordicflame\",\"description\":\"Designov\\u00e9 hasiace pr\\u00edstroje\",\"publisher\":{\"@id\":\"https:\/\/www.nordicflame.sk\/#organization\"},\"potentialAction\":[{\"@type\":\"SearchAction\",\"target\":\"https:\/\/www.nordicflame.sk\/?s={search_term_string}\",\"query-input\":\"required name=search_term_string\"}],\"inLanguage\":\"cs\"},{\"@type\":\"ImageObject\",\"@id\":\"https:\/\/www.nordicflame.sk\/cs\/shop\/prislusenstvo-cs\/cierna-konzola-do-auta\/#primaryimage\",\"inLanguage\":\"cs\",\"url\":\"https:\/\/www.nordicflame.sk\/wp-content\/uploads\/2020\/12\/nordicflame_vehicle_kit_black.png\",\"width\":2000,\"height\":2000},{\"@type\":\"WebPage\",\"@id\":\"https:\/\/www.nordicflame.sk\/cs\/shop\/prislusenstvo-cs\/cierna-konzola-do-auta\/#webpage\",\"url\":\"https:\/\/www.nordicflame.sk\/cs\/shop\/prislusenstvo-cs\/cierna-konzola-do-auta\/\",\"name\":\"\\u010cern\\u00e1 konzola do auta - Nordicflame\",\"isPartOf\":{\"@id\":\"https:\/\/www.nordicflame.sk\/#website\"},\"primaryImageOfPage\":{\"@id\":\"https:\/\/www.nordicflame.sk\/cs\/shop\/prislusenstvo-cs\/cierna-konzola-do-auta\/#primaryimage\"},\"datePublished\":\"2020-11-25T22:36:11+00:00\",\"dateModified\":\"2020-12-16T15:05:30+00:00\",\"description\":\"Praktick\\u00e1 konzola na uchytenie hasiaceho pr\\u00edstoroja Nordicflame vo va\\u0161om aute.\",\"inLanguage\":\"cs\",\"potentialAction\":[{\"@type\":\"ReadAction\",\"target\":[\"https:\/\/www.nordicflame.sk\/cs\/shop\/prislusenstvo-cs\/cierna-konzola-do-auta\/\"]}]}]}<\/script>\n<!-- \/ Yoast SEO plugin. -->","_links":{"self":[{"href":"https:\/\/www.nordicflame.sk\/cs\/wp-json\/wp\/v2\/product\/10357"}],"collection":[{"href":"https:\/\/www.nordicflame.sk\/cs\/wp-json\/wp\/v2\/product"}],"about":[{"href":"https:\/\/www.nordicflame.sk\/cs\/wp-json\/wp\/v2\/types\/product"}],"version-history":[{"count":1,"href":"https:\/\/www.nordicflame.sk\/cs\/wp-json\/wp\/v2\/product\/10357\/revisions"}],"predecessor-version":[{"id":10851,"href":"https:\/\/www.nordicflame.sk\/cs\/wp-json\/wp\/v2\/product\/10357\/revisions\/10851"}],"wp:featuredmedia":[{"embeddable":true,"href":"https:\/\/www.nordicflame.sk\/cs\/wp-json\/wp\/v2\/media\/10664"}],"wp:attachment":[{"href":"https:\/\/www.nordicflame.sk\/cs\/wp-json\/wp\/v2\/media?parent=10357"}],"curies":[{"name":"wp","href":"https:\/\/api.w.org\/{rel}","templated":true}]}}