{"id":11940,"date":"2021-09-27T09:51:02","date_gmt":"2021-09-27T07:51:02","guid":{"rendered":"https:\/\/www.nordicflame.sk\/shop\/nezarazene\/kovova-krabicka-na-zapalky-seda\/"},"modified":"2021-09-27T10:46:59","modified_gmt":"2021-09-27T08:46:59","slug":"kovova-krabicka-na-zapalky-seda","status":"publish","type":"product","link":"https:\/\/www.nordicflame.sk\/cs\/shop\/prislusenstvo-cs\/kovova-krabicka-na-zapalky-seda\/","title":{"rendered":"Kovov\u00e1 krabi\u010dka na z\u00e1palky &#8211; \u0160ed\u00e1"},"content":{"rendered":"<p>Neskr\u00fdvejte v\u00edce sv\u00e9 krbov\u00e9 z\u00e1palky, nechte je vystaven\u00e9 v interi\u00e9ru v elegantn\u00edm kovov\u00e9m obalu. Tato krabi\u010dka je vyrobena z oceli v \u010dern\u00e9m proveden\u00ed s mosazn\u00fdm plamenem. Z oby\u010dejn\u00e9 z\u00e1palkov\u00e9 krabi\u010dky se tak stane kr\u00e1sn\u00fd interi\u00e9rov\u00fd detail. \u0160upl\u00edk je promy\u0161len\u00fd detail ur\u010den k uskladn\u011bn\u00ed pou\u017eit\u00fdch z\u00e1palek p\u0159ed likvidac\u00ed &#8211; praktick\u00fd skandin\u00e1vsk\u00fd design. Kryt je dod\u00e1v\u00e1n s jednou velkou krabi\u010dkou s p\u0159ibli\u017en\u011b 50 dlouh\u00fdmi z\u00e1palkami.<\/p>\n<p>Pro optim\u00e1ln\u00ed dopln\u011bn\u00ed doporu\u010dujeme pou\u017e\u00edt velk\u00e9 krbov\u00e9 z\u00e1palky IKEA.<\/p>\n<p>Barva: \u0161ed\u00e1<br \/>\nHmotnost: 0,4 kg<br \/>\nRozm\u011bry: 111 mm x 66 mm x 38 mm<\/p>\n","protected":false},"excerpt":{"rendered":"<p>Neskr\u00fdvejte v\u00edce sv\u00e9 krbov\u00e9 z\u00e1palky, nechte je vystaven\u00e9 v interi\u00e9ru v elegantn\u00edm kovov\u00e9m obalu. Tato krabi\u010dka je vyrobena z oceli v \u010dern\u00e9m proveden\u00ed s mosazn\u00fdm plamenem. Z oby\u010dejn\u00e9 z\u00e1palkov\u00e9 krabi\u010dky se tak stane kr\u00e1sn\u00fd interi\u00e9rov\u00fd detail. \u0160upl\u00edk je promy\u0161len\u00fd detail ur\u010den k uskladn\u011bn\u00ed pou\u017eit\u00fdch z\u00e1palek p\u0159ed likvidac\u00ed &#8211; praktick\u00fd skandin\u00e1vsk\u00fd design. Kryt je dod\u00e1v\u00e1n s &hellip;<\/p>\n<p class=\"read-more\"> <a class=\"\" href=\"https:\/\/www.nordicflame.sk\/cs\/shop\/prislusenstvo-cs\/kovova-krabicka-na-zapalky-seda\/\"> <span class=\"screen-reader-text\">Kovov\u00e1 krabi\u010dka na z\u00e1palky &#8211; \u0160ed\u00e1<\/span> Read More \u00bb<\/a><\/p>\n","protected":false},"featured_media":11920,"template":"","meta":[],"yoast_head":"<!-- This site is optimized with the Yoast SEO plugin v15.4 - https:\/\/yoast.com\/wordpress\/plugins\/seo\/ -->\n<title>Kovov\u00e1 krabi\u010dka na z\u00e1palky - \u0160ed\u00e1 - Nordicflame<\/title>\n<meta name=\"description\" content=\"Z oby\u010dejn\u00e9 z\u00e1palkov\u00e9 krabi\u010dky se tak stane kr\u00e1sn\u00fd interi\u00e9rov\u00fd detail. \u0160upl\u00edk pod z\u00e1palkov\u00fdch krabi\u010dkou je promy\u0161len\u00fd detail ur\u010den k uskladn\u011bn\u00ed pou\u017eit\u00fdch z\u00e1palek p\u0159ed likvidac\u00ed - praktick\u00fd skandin\u00e1vsk\u00fd design\" \/>\n<meta name=\"robots\" content=\"index, follow, max-snippet:-1, max-image-preview:large, max-video-preview:-1\" \/>\n<link rel=\"canonical\" href=\"https:\/\/www.nordicflame.sk\/cs\/shop\/prislusenstvo-cs\/kovova-krabicka-na-zapalky-seda\/\" \/>\n<meta property=\"og:locale\" content=\"cs_CZ\" \/>\n<meta property=\"og:type\" content=\"article\" \/>\n<meta property=\"og:title\" content=\"Kovov\u00e1 krabi\u010dka na z\u00e1palky - \u0160ed\u00e1 - Nordicflame\" \/>\n<meta property=\"og:description\" content=\"Z oby\u010dejn\u00e9 z\u00e1palkov\u00e9 krabi\u010dky se tak stane kr\u00e1sn\u00fd interi\u00e9rov\u00fd detail. \u0160upl\u00edk pod z\u00e1palkov\u00fdch krabi\u010dkou je promy\u0161len\u00fd detail ur\u010den k uskladn\u011bn\u00ed pou\u017eit\u00fdch z\u00e1palek p\u0159ed likvidac\u00ed - praktick\u00fd skandin\u00e1vsk\u00fd design\" \/>\n<meta property=\"og:url\" content=\"https:\/\/www.nordicflame.sk\/cs\/shop\/prislusenstvo-cs\/kovova-krabicka-na-zapalky-seda\/\" \/>\n<meta property=\"og:site_name\" content=\"Nordicflame\" \/>\n<meta property=\"article:modified_time\" content=\"2021-09-27T08:46:59+00:00\" \/>\n<meta name=\"twitter:card\" content=\"summary_large_image\" \/>\n<meta name=\"twitter:label1\" content=\"Napsal(a)\">\n\t<meta name=\"twitter:data1\" content=\"Michal\">\n\t<meta name=\"twitter:label2\" content=\"Odhadovan\u00e1 doba \u010dten\u00ed\">\n\t<meta name=\"twitter:data2\" content=\"0 minut\">\n<script type=\"application\/ld+json\" class=\"yoast-schema-graph\">{\"@context\":\"https:\/\/schema.org\",\"@graph\":[{\"@type\":\"Organization\",\"@id\":\"https:\/\/www.nordicflame.sk\/#organization\",\"name\":\"Nordic Flame\",\"url\":\"https:\/\/www.nordicflame.sk\/\",\"sameAs\":[],\"logo\":{\"@type\":\"ImageObject\",\"@id\":\"https:\/\/www.nordicflame.sk\/#logo\",\"inLanguage\":\"cs\",\"url\":\"\",\"caption\":\"Nordic Flame\"},\"image\":{\"@id\":\"https:\/\/www.nordicflame.sk\/#logo\"}},{\"@type\":\"WebSite\",\"@id\":\"https:\/\/www.nordicflame.sk\/#website\",\"url\":\"https:\/\/www.nordicflame.sk\/\",\"name\":\"Nordicflame\",\"description\":\"Designov\\u00e9 hasiace pr\\u00edstroje\",\"publisher\":{\"@id\":\"https:\/\/www.nordicflame.sk\/#organization\"},\"potentialAction\":[{\"@type\":\"SearchAction\",\"target\":\"https:\/\/www.nordicflame.sk\/?s={search_term_string}\",\"query-input\":\"required name=search_term_string\"}],\"inLanguage\":\"cs\"},{\"@type\":\"ImageObject\",\"@id\":\"https:\/\/www.nordicflame.sk\/cs\/shop\/prislusenstvo-cs\/kovova-krabicka-na-zapalky-seda\/#primaryimage\",\"inLanguage\":\"cs\",\"url\":\"https:\/\/www.nordicflame.sk\/wp-content\/uploads\/2021\/09\/NF_fodral_gra_01_1024x1024.jpg\",\"width\":1000,\"height\":1000},{\"@type\":\"WebPage\",\"@id\":\"https:\/\/www.nordicflame.sk\/cs\/shop\/prislusenstvo-cs\/kovova-krabicka-na-zapalky-seda\/#webpage\",\"url\":\"https:\/\/www.nordicflame.sk\/cs\/shop\/prislusenstvo-cs\/kovova-krabicka-na-zapalky-seda\/\",\"name\":\"Kovov\\u00e1 krabi\\u010dka na z\\u00e1palky - \\u0160ed\\u00e1 - Nordicflame\",\"isPartOf\":{\"@id\":\"https:\/\/www.nordicflame.sk\/#website\"},\"primaryImageOfPage\":{\"@id\":\"https:\/\/www.nordicflame.sk\/cs\/shop\/prislusenstvo-cs\/kovova-krabicka-na-zapalky-seda\/#primaryimage\"},\"datePublished\":\"2021-09-27T07:51:02+00:00\",\"dateModified\":\"2021-09-27T08:46:59+00:00\",\"description\":\"Z oby\\u010dejn\\u00e9 z\\u00e1palkov\\u00e9 krabi\\u010dky se tak stane kr\\u00e1sn\\u00fd interi\\u00e9rov\\u00fd detail. \\u0160upl\\u00edk pod z\\u00e1palkov\\u00fdch krabi\\u010dkou je promy\\u0161len\\u00fd detail ur\\u010den k uskladn\\u011bn\\u00ed pou\\u017eit\\u00fdch z\\u00e1palek p\\u0159ed likvidac\\u00ed - praktick\\u00fd skandin\\u00e1vsk\\u00fd design\",\"inLanguage\":\"cs\",\"potentialAction\":[{\"@type\":\"ReadAction\",\"target\":[\"https:\/\/www.nordicflame.sk\/cs\/shop\/prislusenstvo-cs\/kovova-krabicka-na-zapalky-seda\/\"]}]}]}<\/script>\n<!-- \/ Yoast SEO plugin. -->","_links":{"self":[{"href":"https:\/\/www.nordicflame.sk\/cs\/wp-json\/wp\/v2\/product\/11940"}],"collection":[{"href":"https:\/\/www.nordicflame.sk\/cs\/wp-json\/wp\/v2\/product"}],"about":[{"href":"https:\/\/www.nordicflame.sk\/cs\/wp-json\/wp\/v2\/types\/product"}],"version-history":[{"count":2,"href":"https:\/\/www.nordicflame.sk\/cs\/wp-json\/wp\/v2\/product\/11940\/revisions"}],"predecessor-version":[{"id":11950,"href":"https:\/\/www.nordicflame.sk\/cs\/wp-json\/wp\/v2\/product\/11940\/revisions\/11950"}],"wp:featuredmedia":[{"embeddable":true,"href":"https:\/\/www.nordicflame.sk\/cs\/wp-json\/wp\/v2\/media\/11920"}],"wp:attachment":[{"href":"https:\/\/www.nordicflame.sk\/cs\/wp-json\/wp\/v2\/media?parent=11940"}],"curies":[{"name":"wp","href":"https:\/\/api.w.org\/{rel}","templated":true}]}}