{"id":7293,"date":"2020-07-21T19:07:40","date_gmt":"2020-07-21T17:07:40","guid":{"rendered":"https:\/\/www.nordicflame.sk\/shop\/nezarazene\/novinka-steel-edition-6-kg\/"},"modified":"2020-12-16T16:07:48","modified_gmt":"2020-12-16T15:07:48","slug":"ocelova-edice-6-kg","status":"publish","type":"product","link":"https:\/\/www.nordicflame.sk\/cs\/shop\/hasici-pristroj\/ocelova-edice-6-kg\/","title":{"rendered":"Steel 6 kg"},"content":{"rendered":"<p class=\"p1\"><strong><span class=\"s1\">Na\u0161e vlajkov\u00e1 lo\u010f. <span class=\"VIiyi\" lang=\"cs\"><span class=\"JLqJ4b\" data-language-for-alternatives=\"cs\" data-language-to-translate-into=\"en\" data-phrase-index=\"0\">Tento elegantn\u00ed hasic\u00ed p\u0159\u00edstroj je vyroben z ru\u010dn\u011b le\u0161t\u011bn\u00e9 nerezov\u00e9 oceli, je vybaven \u010dern\u00fdm ko\u017een\u00fdm \u0159em\u00ednkem, kovem opletenou hadic\u00ed a je ur\u010den\u00fdm pro stylov\u00e9 dom\u00e1c\u00ed prost\u0159ed\u00ed.<\/span><\/span><\/span><\/strong><\/p>\n<p class=\"p1\"><strong><span class=\"s1\"> Vyrobeno podle nejvy\u0161\u0161\u00edch bezpe\u010dnostn\u00edch a kvalitativn\u00edch standard\u016f a ur\u010den\u00e9 pro stylov\u00e9 dom\u00e1c\u00ed prost\u0159ed\u00ed<\/span><\/strong><\/p>\n<p>Hasic\u00ed p\u0159\u00edstroj Nordic Flame je ur\u010den pro priv\u00e1tn\u00ed pou\u017eit\u00ed. Jeho neru\u0161iv\u00fd design jej p\u0159edur\u010duje k tomu, aby byl exponovan\u00fd a um\u00edst\u011bn na dob\u0159e viditeln\u00e9m m\u00edst\u011b, abyste k n\u011bmu v p\u0159\u00edpad\u011b pot\u0159eby m\u011bli rychl\u00fd a snadn\u00fd p\u0159\u00edstup. T\u0159\u00edda hasivosti 55A 233B C je nejvy\u0161\u0161\u00ed na trhu s 6 kg hasic\u00edmi p\u0159\u00edstroji. Ve velk\u00fdch domech se doporu\u010duje m\u00edt na ka\u017ed\u00e9m pat\u0159e jeden hasic\u00ed p\u0159\u00edstroj o hmotnosti 6 kg. Sou\u010d\u00e1st\u00ed balen\u00ed je n\u00e1st\u011bnn\u00fd dr\u017e\u00e1k.<\/p>\n<p>V\u0161echny na\u0161e hasic\u00ed p\u0159\u00edstroje jsou dod\u00e1v\u00e1ny v exkluzivn\u00ed krabi\u010dce s kovov\u00fdm znakem, kter\u00e1 se dokonale hod\u00ed jako stylov\u00fd a promy\u0161len\u00fd d\u00e1rek. Sou\u010d\u00e1st\u00ed v\u0161ech na\u0161ich hasic\u00edch p\u0159\u00edstroj\u016f je tak\u00e9 diskr\u00e9tn\u00ed dr\u017e\u00e1k pro mont\u00e1\u017e na ze\u010f<\/p>\n<p class=\"p1\"><strong>Bezplatn\u00e1 z\u00e1ruka bezpe\u010dnosti<\/strong><br \/>\nP\u0159edstavujeme severskou z\u00e1ruku bezpe\u010dnosti. Pokud v\u00e1\u0161 zaregistrov\u00e1n hasic\u00ed p\u0159\u00edstroj pou\u017eijete, dostanete od n\u00e1s nov\u00fd bez dal\u0161\u00edch poplatk\u016f.<br \/>\n<a href=\"https:\/\/www.nordicflame.sk\/cs\/garance\/\">Registrace p\u0159\u00edstroje pro bezplatnou z\u00e1ruku bezpe\u010dnosti<\/a><\/p>\n<p><strong>Barva:<\/strong> ocel<br \/>\n<strong>Po\u017eiarna trieda:<\/strong> ABC<br \/>\n<strong>Pln\u011bn\u00e9:<\/strong> pr\u00e1\u0161ek<br \/>\n<strong>Po\u017eiarna odolnos\u0165:<\/strong> 55A 233B C<br \/>\n<strong>Hmotnostn\u00ed t\u0159\u00edda:<\/strong> 6 kg pr\u00e1\u0161ek<br \/>\n<strong>Hmotnost:<\/strong> 9.4 kg<br \/>\n<strong>Schv\u00e1len\u00ed:<\/strong> CE<br \/>\n<strong>Rozm\u011bry:<\/strong> 360 mm x \u00d8150 mm<br \/>\n<strong>P\u0159\u00edslu\u0161enstv\u00ed:<\/strong> <span class=\"s1\">n\u00e1st\u011bnn\u00fd dr\u017e\u00e1k (sou\u010d\u00e1st balen\u00ed)<br \/>\n<\/span><strong>Jin\u00e9: <\/strong><span class=\"s1\">5-let\u00e1 z\u00e1ruka na pokles tlaku od data v\u00fdroby. Hasic\u00ed p\u0159\u00edstroj m\u016f\u017ee znovu naplnit kvalifikovan\u00fd servisn\u00ed technik.<\/span><\/p>\n","protected":false},"excerpt":{"rendered":"<p>Vrcholem na\u0161\u00ed kolekce hasic\u00edch p\u0159\u00edstroj\u016f je &#8220;Steel Edition&#8221;.<\/p>\n","protected":false},"featured_media":10645,"template":"","meta":[],"yoast_head":"<!-- This site is optimized with the Yoast SEO plugin v15.4 - https:\/\/yoast.com\/wordpress\/plugins\/seo\/ -->\n<title>Steel 6 kg - Nordicflame<\/title>\n<meta name=\"robots\" content=\"index, follow, max-snippet:-1, max-image-preview:large, max-video-preview:-1\" \/>\n<link rel=\"canonical\" href=\"https:\/\/www.nordicflame.sk\/cs\/shop\/hasici-pristroj\/ocelova-edice-6-kg\/\" \/>\n<meta property=\"og:locale\" content=\"cs_CZ\" \/>\n<meta property=\"og:type\" content=\"article\" \/>\n<meta property=\"og:title\" content=\"Steel 6 kg - Nordicflame\" \/>\n<meta property=\"og:description\" content=\"Vrcholem na\u0161\u00ed kolekce hasic\u00edch p\u0159\u00edstroj\u016f je &quot;Steel Edition&quot;.\" \/>\n<meta property=\"og:url\" content=\"https:\/\/www.nordicflame.sk\/cs\/shop\/hasici-pristroj\/ocelova-edice-6-kg\/\" \/>\n<meta property=\"og:site_name\" content=\"Nordicflame\" \/>\n<meta property=\"article:modified_time\" content=\"2020-12-16T15:07:48+00:00\" \/>\n<meta property=\"og:image\" content=\"https:\/\/www.nordicflame.sk\/wp-content\/uploads\/2020\/12\/nordicflame_big_silver-1024x1024.png\" \/>\n\t<meta property=\"og:image:width\" content=\"1024\" \/>\n\t<meta property=\"og:image:height\" content=\"1024\" \/>\n<meta name=\"twitter:card\" content=\"summary_large_image\" \/>\n<meta name=\"twitter:label1\" content=\"Napsal(a)\">\n\t<meta name=\"twitter:data1\" content=\"Michal\">\n\t<meta name=\"twitter:label2\" content=\"Odhadovan\u00e1 doba \u010dten\u00ed\">\n\t<meta name=\"twitter:data2\" content=\"1 minuta\">\n<script type=\"application\/ld+json\" class=\"yoast-schema-graph\">{\"@context\":\"https:\/\/schema.org\",\"@graph\":[{\"@type\":\"Organization\",\"@id\":\"https:\/\/www.nordicflame.sk\/#organization\",\"name\":\"Nordic Flame\",\"url\":\"https:\/\/www.nordicflame.sk\/\",\"sameAs\":[],\"logo\":{\"@type\":\"ImageObject\",\"@id\":\"https:\/\/www.nordicflame.sk\/#logo\",\"inLanguage\":\"cs\",\"url\":\"\",\"caption\":\"Nordic Flame\"},\"image\":{\"@id\":\"https:\/\/www.nordicflame.sk\/#logo\"}},{\"@type\":\"WebSite\",\"@id\":\"https:\/\/www.nordicflame.sk\/#website\",\"url\":\"https:\/\/www.nordicflame.sk\/\",\"name\":\"Nordicflame\",\"description\":\"Designov\\u00e9 hasiace pr\\u00edstroje\",\"publisher\":{\"@id\":\"https:\/\/www.nordicflame.sk\/#organization\"},\"potentialAction\":[{\"@type\":\"SearchAction\",\"target\":\"https:\/\/www.nordicflame.sk\/?s={search_term_string}\",\"query-input\":\"required name=search_term_string\"}],\"inLanguage\":\"cs\"},{\"@type\":\"ImageObject\",\"@id\":\"https:\/\/www.nordicflame.sk\/cs\/shop\/hasici-pristroj\/ocelova-edice-6-kg\/#primaryimage\",\"inLanguage\":\"cs\",\"url\":\"https:\/\/www.nordicflame.sk\/wp-content\/uploads\/2020\/12\/nordicflame_big_silver.png\",\"width\":2500,\"height\":2500},{\"@type\":\"WebPage\",\"@id\":\"https:\/\/www.nordicflame.sk\/cs\/shop\/hasici-pristroj\/ocelova-edice-6-kg\/#webpage\",\"url\":\"https:\/\/www.nordicflame.sk\/cs\/shop\/hasici-pristroj\/ocelova-edice-6-kg\/\",\"name\":\"Steel 6 kg - Nordicflame\",\"isPartOf\":{\"@id\":\"https:\/\/www.nordicflame.sk\/#website\"},\"primaryImageOfPage\":{\"@id\":\"https:\/\/www.nordicflame.sk\/cs\/shop\/hasici-pristroj\/ocelova-edice-6-kg\/#primaryimage\"},\"datePublished\":\"2020-07-21T17:07:40+00:00\",\"dateModified\":\"2020-12-16T15:07:48+00:00\",\"inLanguage\":\"cs\",\"potentialAction\":[{\"@type\":\"ReadAction\",\"target\":[\"https:\/\/www.nordicflame.sk\/cs\/shop\/hasici-pristroj\/ocelova-edice-6-kg\/\"]}]}]}<\/script>\n<!-- \/ Yoast SEO plugin. -->","_links":{"self":[{"href":"https:\/\/www.nordicflame.sk\/cs\/wp-json\/wp\/v2\/product\/7293"}],"collection":[{"href":"https:\/\/www.nordicflame.sk\/cs\/wp-json\/wp\/v2\/product"}],"about":[{"href":"https:\/\/www.nordicflame.sk\/cs\/wp-json\/wp\/v2\/types\/product"}],"version-history":[{"count":7,"href":"https:\/\/www.nordicflame.sk\/cs\/wp-json\/wp\/v2\/product\/7293\/revisions"}],"predecessor-version":[{"id":11499,"href":"https:\/\/www.nordicflame.sk\/cs\/wp-json\/wp\/v2\/product\/7293\/revisions\/11499"}],"wp:featuredmedia":[{"embeddable":true,"href":"https:\/\/www.nordicflame.sk\/cs\/wp-json\/wp\/v2\/media\/10645"}],"wp:attachment":[{"href":"https:\/\/www.nordicflame.sk\/cs\/wp-json\/wp\/v2\/media?parent=7293"}],"curies":[{"name":"wp","href":"https:\/\/api.w.org\/{rel}","templated":true}]}}