{"id":7329,"date":"2020-07-21T18:06:51","date_gmt":"2020-07-21T16:06:51","guid":{"rendered":"https:\/\/www.nordicflame.sk\/shop\/nezarazene\/hasici-prikryvka-cerno-zlata\/"},"modified":"2020-12-16T16:13:39","modified_gmt":"2020-12-16T15:13:39","slug":"hasici-prikryvka-cerno-zlata","status":"publish","type":"product","link":"https:\/\/www.nordicflame.sk\/cs\/shop\/hasici-prikryvka\/hasici-prikryvka-cerno-zlata\/","title":{"rendered":"Hasic\u00ed p\u0159ikr\u00fdvka &#8211; \u010derno zlat\u00e1"},"content":{"rendered":"<p><strong>Kompaktn\u00ed, rychl\u00e1 a p\u0159\u00edstupn\u00e1. Va\u0161e prvn\u00ed obrann\u00e1 linie proti mal\u00fdm po\u017e\u00e1r\u016fm.<\/strong><\/p>\n<p>V souladu s na\u0161imi hasic\u00edmi p\u0159\u00edstroji a jako ide\u00e1ln\u00ed dopln\u011bk protipo\u017e\u00e1rn\u00ed ochrany nab\u00edz\u00edme tak\u00e9 exkluzivn\u00ed \u0159adu vysoce kvalitn\u00edch protipo\u017e\u00e1rn\u00edch p\u0159ikr\u00fdvek ve stylov\u00e9 ocelov\u00e9 krabi\u010dce s vyra\u017een\u00fdm logem.<\/p>\n<p>Protipo\u017e\u00e1rn\u00ed deka je velmi d\u016fle\u017eit\u00fdm bezpe\u010dnostn\u00edm n\u00e1strojem, kter\u00fd se pou\u017e\u00edv\u00e1 k ha\u0161en\u00ed men\u0161\u00edch po\u017e\u00e1r\u016f dusen\u00edm. Ide\u00e1ln\u00ed pro kuchy\u0148, krb, gril, auto nebo kempov\u00e1n\u00ed.<\/p>\n<p>Snadn\u00e9 pou\u017eit\u00ed bez nutnosti \u0161kolen\u00ed. Testov\u00e1no a certifikov\u00e1no podle EN 1869.<\/p>\n<p><strong>V\u0161echny na\u0161e protipo\u017e\u00e1rn\u00ed p\u0159ikr\u00fdvky jsou dod\u00e1v\u00e1ny v exkluzivn\u00ed krabi\u010dce s kovov\u00fdm znakem, kter\u00e1 se dokonale hod\u00ed jako stylov\u00fd a promy\u0161len\u00fd d\u00e1rek.<\/strong><\/p>\n<p><strong>Barva<\/strong>: \u010cerno \/ zlat\u00e1 &#8211; matn\u00e1<br \/>\n<strong>Rozm\u011bry krabice<\/strong>: \u0160: 172 mm V: 268 mm H: 48 mm<br \/>\n<strong>Protipo\u017e\u00e1rn\u00ed deka<\/strong>: 120 x 120 cm<br \/>\n<strong>Pokyny pro p\u00e9\u010di<\/strong>: Po\u017e\u00e1rn\u00ed p\u0159ikr\u00fdvku je t\u0159eba po pou\u017eit\u00ed zlikvidovat<\/p>\n","protected":false},"excerpt":{"rendered":"<p>Vysoce kvalitn\u00ed hasic\u00ed p\u0159ikr\u00fdvka v ocelov\u00e9 krabi\u010dce.<\/p>\n","protected":false},"featured_media":10639,"template":"","meta":[],"yoast_head":"<!-- This site is optimized with the Yoast SEO plugin v15.4 - https:\/\/yoast.com\/wordpress\/plugins\/seo\/ -->\n<title>Hasic\u00ed p\u0159ikr\u00fdvka - \u010derno zlat\u00e1 - Nordicflame<\/title>\n<meta name=\"robots\" content=\"index, follow, max-snippet:-1, max-image-preview:large, max-video-preview:-1\" \/>\n<link rel=\"canonical\" href=\"https:\/\/www.nordicflame.sk\/cs\/shop\/hasici-prikryvka\/hasici-prikryvka-cerno-zlata\/\" \/>\n<meta property=\"og:locale\" content=\"cs_CZ\" \/>\n<meta property=\"og:type\" content=\"article\" \/>\n<meta property=\"og:title\" content=\"Hasic\u00ed p\u0159ikr\u00fdvka - \u010derno zlat\u00e1 - Nordicflame\" \/>\n<meta property=\"og:description\" content=\"Vysoce kvalitn\u00ed hasic\u00ed p\u0159ikr\u00fdvka v ocelov\u00e9 krabi\u010dce.\" \/>\n<meta property=\"og:url\" content=\"https:\/\/www.nordicflame.sk\/cs\/shop\/hasici-prikryvka\/hasici-prikryvka-cerno-zlata\/\" \/>\n<meta property=\"og:site_name\" content=\"Nordicflame\" \/>\n<meta property=\"article:modified_time\" content=\"2020-12-16T15:13:39+00:00\" \/>\n<meta property=\"og:image\" content=\"https:\/\/www.nordicflame.sk\/wp-content\/uploads\/2020\/12\/nordicflame_blanket_gold.png\" \/>\n\t<meta property=\"og:image:width\" content=\"600\" \/>\n\t<meta property=\"og:image:height\" content=\"600\" \/>\n<meta name=\"twitter:card\" content=\"summary_large_image\" \/>\n<meta name=\"twitter:label1\" content=\"Napsal(a)\">\n\t<meta name=\"twitter:data1\" content=\"Michal\">\n\t<meta name=\"twitter:label2\" content=\"Odhadovan\u00e1 doba \u010dten\u00ed\">\n\t<meta name=\"twitter:data2\" content=\"1 minuta\">\n<script type=\"application\/ld+json\" class=\"yoast-schema-graph\">{\"@context\":\"https:\/\/schema.org\",\"@graph\":[{\"@type\":\"Organization\",\"@id\":\"https:\/\/www.nordicflame.sk\/#organization\",\"name\":\"Nordic Flame\",\"url\":\"https:\/\/www.nordicflame.sk\/\",\"sameAs\":[],\"logo\":{\"@type\":\"ImageObject\",\"@id\":\"https:\/\/www.nordicflame.sk\/#logo\",\"inLanguage\":\"cs\",\"url\":\"\",\"caption\":\"Nordic Flame\"},\"image\":{\"@id\":\"https:\/\/www.nordicflame.sk\/#logo\"}},{\"@type\":\"WebSite\",\"@id\":\"https:\/\/www.nordicflame.sk\/#website\",\"url\":\"https:\/\/www.nordicflame.sk\/\",\"name\":\"Nordicflame\",\"description\":\"Designov\\u00e9 hasiace pr\\u00edstroje\",\"publisher\":{\"@id\":\"https:\/\/www.nordicflame.sk\/#organization\"},\"potentialAction\":[{\"@type\":\"SearchAction\",\"target\":\"https:\/\/www.nordicflame.sk\/?s={search_term_string}\",\"query-input\":\"required name=search_term_string\"}],\"inLanguage\":\"cs\"},{\"@type\":\"ImageObject\",\"@id\":\"https:\/\/www.nordicflame.sk\/cs\/shop\/hasici-prikryvka\/hasici-prikryvka-cerno-zlata\/#primaryimage\",\"inLanguage\":\"cs\",\"url\":\"https:\/\/www.nordicflame.sk\/wp-content\/uploads\/2020\/12\/nordicflame_blanket_gold.png\",\"width\":600,\"height\":600},{\"@type\":\"WebPage\",\"@id\":\"https:\/\/www.nordicflame.sk\/cs\/shop\/hasici-prikryvka\/hasici-prikryvka-cerno-zlata\/#webpage\",\"url\":\"https:\/\/www.nordicflame.sk\/cs\/shop\/hasici-prikryvka\/hasici-prikryvka-cerno-zlata\/\",\"name\":\"Hasic\\u00ed p\\u0159ikr\\u00fdvka - \\u010derno zlat\\u00e1 - Nordicflame\",\"isPartOf\":{\"@id\":\"https:\/\/www.nordicflame.sk\/#website\"},\"primaryImageOfPage\":{\"@id\":\"https:\/\/www.nordicflame.sk\/cs\/shop\/hasici-prikryvka\/hasici-prikryvka-cerno-zlata\/#primaryimage\"},\"datePublished\":\"2020-07-21T16:06:51+00:00\",\"dateModified\":\"2020-12-16T15:13:39+00:00\",\"inLanguage\":\"cs\",\"potentialAction\":[{\"@type\":\"ReadAction\",\"target\":[\"https:\/\/www.nordicflame.sk\/cs\/shop\/hasici-prikryvka\/hasici-prikryvka-cerno-zlata\/\"]}]}]}<\/script>\n<!-- \/ Yoast SEO plugin. -->","_links":{"self":[{"href":"https:\/\/www.nordicflame.sk\/cs\/wp-json\/wp\/v2\/product\/7329"}],"collection":[{"href":"https:\/\/www.nordicflame.sk\/cs\/wp-json\/wp\/v2\/product"}],"about":[{"href":"https:\/\/www.nordicflame.sk\/cs\/wp-json\/wp\/v2\/types\/product"}],"version-history":[{"count":3,"href":"https:\/\/www.nordicflame.sk\/cs\/wp-json\/wp\/v2\/product\/7329\/revisions"}],"predecessor-version":[{"id":11232,"href":"https:\/\/www.nordicflame.sk\/cs\/wp-json\/wp\/v2\/product\/7329\/revisions\/11232"}],"wp:featuredmedia":[{"embeddable":true,"href":"https:\/\/www.nordicflame.sk\/cs\/wp-json\/wp\/v2\/media\/10639"}],"wp:attachment":[{"href":"https:\/\/www.nordicflame.sk\/cs\/wp-json\/wp\/v2\/media?parent=7329"}],"curies":[{"name":"wp","href":"https:\/\/api.w.org\/{rel}","templated":true}]}}