{"id":7353,"date":"2020-07-21T17:10:53","date_gmt":"2020-07-21T15:10:53","guid":{"rendered":"https:\/\/www.nordicflame.sk\/shop\/nezarazene\/classic-serie-2-kg-bila\/"},"modified":"2020-12-16T16:21:39","modified_gmt":"2020-12-16T15:21:39","slug":"classic-serie-2-kg-bila","status":"publish","type":"product","link":"https:\/\/www.nordicflame.sk\/cs\/shop\/hasici-pristroj\/classic-serie-2-kg-bila\/","title":{"rendered":"Classic White 2 kg"},"content":{"rendered":"<p><strong>S\u00e9rie &#8220;Classic&#8221; zahrnuje elegantn\u00ed v\u00fdrobky v nad\u010dasov\u00e9m \u010dern\u00e9m nebo b\u00edl\u00e9m proveden\u00ed s kr\u00e1sn\u00fdm kovov\u00fdm znakem Nordic Flame.<\/strong><\/p>\n<p><strong>Vyrobeno pomoc\u00ed nejnov\u011bj\u0161\u00ed technologie a testov\u00e1no podle nejvy\u0161\u0161\u00edch evropsk\u00fdch standard\u016f kvality<\/strong>.<\/p>\n<p>Tento hasic\u00ed p\u0159\u00edstroj je ur\u010den pro soukrom\u00e9 pou\u017eit\u00ed v dom\u00e1c\u00edm prost\u0159ed\u00ed, kde v\u017edy v\u00edte, kde se hasic\u00ed p\u0159\u00edstroj nach\u00e1z\u00ed. Hasic\u00ed s\u00edla 13A 89B C je nejsiln\u011bj\u0161\u00ed na trhu s hmotnost\u00ed 2 kg.<\/p>\n<p>V\u0161echny na\u0161e hasic\u00ed p\u0159\u00edstroje jsou dod\u00e1v\u00e1ny v exkluzivn\u00ed krabi\u010dce s kovov\u00fdm znakem, kter\u00e1 se dokonale hod\u00ed jako stylov\u00fd a promy\u0161len\u00fd d\u00e1rek. Sou\u010d\u00e1st\u00ed v\u0161ech na\u0161ich hasic\u00edch p\u0159\u00edstroj\u016f je tak\u00e9 diskr\u00e9tn\u00ed dr\u017e\u00e1k pro mont\u00e1\u017e na ze\u010f. Chcete-li hasic\u00ed p\u0159\u00edstroj namontovat do automobilu, karavanu nebo lodi, m\u016f\u017eete si objednat na\u0161i konzoli do vozidla v\u010detn\u011b pru\u017einov\u00e9 svorky, hadice a bezpe\u010dnostn\u00edho p\u00e1su.<\/p>\n<p><strong>Bezplatn\u00e1 z\u00e1ruka bezpe\u010dnosti<\/strong><br \/>\nP\u0159edstavujeme severskou z\u00e1ruku bezpe\u010dnosti. Pokud v\u00e1\u0161 zaregistrovan\u00fd hasic\u00ed p\u0159\u00edstroj pou\u017eijete, dostanete od n\u00e1s nov\u00fd bez dal\u0161\u00edch poplatk\u016f.<br \/>\n<a href=\"https:\/\/www.nordicflame.sk\/cs\/garance\/\">Registrace p\u0159\u00edstroje pro bezplatnou z\u00e1ruku bezpe\u010dnosti<\/a><\/p>\n<p><strong>Barva<\/strong>: Ocel<br \/>\n<strong>Po\u017e\u00e1rn\u00ed t\u0159\u00edda<\/strong>: ABC<br \/>\n<strong>Pln\u011bn\u00e9<\/strong>: Pr\u00e1\u0161ek<br \/>\n<strong>Po\u017e\u00e1rn\u00ed odolnost<\/strong>: 13A 89B C.<br \/>\n<strong>Hmotnostn\u00ed t\u0159\u00edda<\/strong>: 2 kg pr\u00e1\u0161ku<br \/>\n<strong>Hmotnost<\/strong>: 3,1 kg<br \/>\n<strong>Schv\u00e1len\u00ed<\/strong>: CE<br \/>\n<strong>Rozm\u011bry<\/strong>: 360 mm x \u00d8125 mm<br \/>\n<strong>P\u0159\u00edslu\u0161enstv\u00ed<\/strong>: N\u00e1st\u011bnn\u00fd dr\u017e\u00e1k (sou\u010d\u00e1st\u00ed balen\u00ed)<br \/>\n<strong>Jin\u00e9<\/strong>: 5let\u00e1 z\u00e1ruka na pokles tlaku od data v\u00fdroby. Hasic\u00ed p\u0159\u00edstroj m\u016f\u017ee b\u00fdt dopl\u0148ov\u00e1n kvalifikovan\u00fdm servisn\u00edm technikem.<\/p>\n","protected":false},"excerpt":{"rendered":"<p>S\u00e9rie &#8220;Classic&#8221; zahrnuje elegantn\u00ed v\u00fdrobky v nad\u010dasov\u00e9m \u010dern\u00e9m nebo b\u00edl\u00e9m proveden\u00ed.<\/p>\n","protected":false},"featured_media":10622,"template":"","meta":[],"yoast_head":"<!-- This site is optimized with the Yoast SEO plugin v15.4 - https:\/\/yoast.com\/wordpress\/plugins\/seo\/ -->\n<title>Classic White 2 kg - Nordicflame<\/title>\n<meta name=\"robots\" content=\"index, follow, max-snippet:-1, max-image-preview:large, max-video-preview:-1\" \/>\n<link rel=\"canonical\" href=\"https:\/\/www.nordicflame.sk\/cs\/shop\/hasici-pristroj\/classic-serie-2-kg-bila\/\" \/>\n<meta property=\"og:locale\" content=\"cs_CZ\" \/>\n<meta property=\"og:type\" content=\"article\" \/>\n<meta property=\"og:title\" content=\"Classic White 2 kg - Nordicflame\" \/>\n<meta property=\"og:description\" content=\"S\u00e9rie &quot;Classic&quot; zahrnuje elegantn\u00ed v\u00fdrobky v nad\u010dasov\u00e9m \u010dern\u00e9m nebo b\u00edl\u00e9m proveden\u00ed.\" \/>\n<meta property=\"og:url\" content=\"https:\/\/www.nordicflame.sk\/cs\/shop\/hasici-pristroj\/classic-serie-2-kg-bila\/\" \/>\n<meta property=\"og:site_name\" content=\"Nordicflame\" \/>\n<meta property=\"article:modified_time\" content=\"2020-12-16T15:21:39+00:00\" \/>\n<meta property=\"og:image\" content=\"https:\/\/www.nordicflame.sk\/wp-content\/uploads\/2020\/12\/nordicflame_small_white.png\" \/>\n\t<meta property=\"og:image:width\" content=\"2500\" \/>\n\t<meta property=\"og:image:height\" content=\"2500\" \/>\n<meta name=\"twitter:card\" content=\"summary_large_image\" \/>\n<meta name=\"twitter:label1\" content=\"Napsal(a)\">\n\t<meta name=\"twitter:data1\" content=\"Michal\">\n\t<meta name=\"twitter:label2\" content=\"Odhadovan\u00e1 doba \u010dten\u00ed\">\n\t<meta name=\"twitter:data2\" content=\"1 minuta\">\n<script type=\"application\/ld+json\" class=\"yoast-schema-graph\">{\"@context\":\"https:\/\/schema.org\",\"@graph\":[{\"@type\":\"Organization\",\"@id\":\"https:\/\/www.nordicflame.sk\/#organization\",\"name\":\"Nordic Flame\",\"url\":\"https:\/\/www.nordicflame.sk\/\",\"sameAs\":[],\"logo\":{\"@type\":\"ImageObject\",\"@id\":\"https:\/\/www.nordicflame.sk\/#logo\",\"inLanguage\":\"cs\",\"url\":\"\",\"caption\":\"Nordic Flame\"},\"image\":{\"@id\":\"https:\/\/www.nordicflame.sk\/#logo\"}},{\"@type\":\"WebSite\",\"@id\":\"https:\/\/www.nordicflame.sk\/#website\",\"url\":\"https:\/\/www.nordicflame.sk\/\",\"name\":\"Nordicflame\",\"description\":\"Designov\\u00e9 hasiace pr\\u00edstroje\",\"publisher\":{\"@id\":\"https:\/\/www.nordicflame.sk\/#organization\"},\"potentialAction\":[{\"@type\":\"SearchAction\",\"target\":\"https:\/\/www.nordicflame.sk\/?s={search_term_string}\",\"query-input\":\"required name=search_term_string\"}],\"inLanguage\":\"cs\"},{\"@type\":\"ImageObject\",\"@id\":\"https:\/\/www.nordicflame.sk\/cs\/shop\/hasici-pristroj\/classic-serie-2-kg-bila\/#primaryimage\",\"inLanguage\":\"cs\",\"url\":\"https:\/\/www.nordicflame.sk\/wp-content\/uploads\/2020\/12\/nordicflame_small_white.png\",\"width\":2500,\"height\":2500},{\"@type\":\"WebPage\",\"@id\":\"https:\/\/www.nordicflame.sk\/cs\/shop\/hasici-pristroj\/classic-serie-2-kg-bila\/#webpage\",\"url\":\"https:\/\/www.nordicflame.sk\/cs\/shop\/hasici-pristroj\/classic-serie-2-kg-bila\/\",\"name\":\"Classic White 2 kg - Nordicflame\",\"isPartOf\":{\"@id\":\"https:\/\/www.nordicflame.sk\/#website\"},\"primaryImageOfPage\":{\"@id\":\"https:\/\/www.nordicflame.sk\/cs\/shop\/hasici-pristroj\/classic-serie-2-kg-bila\/#primaryimage\"},\"datePublished\":\"2020-07-21T15:10:53+00:00\",\"dateModified\":\"2020-12-16T15:21:39+00:00\",\"inLanguage\":\"cs\",\"potentialAction\":[{\"@type\":\"ReadAction\",\"target\":[\"https:\/\/www.nordicflame.sk\/cs\/shop\/hasici-pristroj\/classic-serie-2-kg-bila\/\"]}]}]}<\/script>\n<!-- \/ Yoast SEO plugin. -->","_links":{"self":[{"href":"https:\/\/www.nordicflame.sk\/cs\/wp-json\/wp\/v2\/product\/7353"}],"collection":[{"href":"https:\/\/www.nordicflame.sk\/cs\/wp-json\/wp\/v2\/product"}],"about":[{"href":"https:\/\/www.nordicflame.sk\/cs\/wp-json\/wp\/v2\/types\/product"}],"version-history":[{"count":5,"href":"https:\/\/www.nordicflame.sk\/cs\/wp-json\/wp\/v2\/product\/7353\/revisions"}],"predecessor-version":[{"id":11491,"href":"https:\/\/www.nordicflame.sk\/cs\/wp-json\/wp\/v2\/product\/7353\/revisions\/11491"}],"wp:featuredmedia":[{"embeddable":true,"href":"https:\/\/www.nordicflame.sk\/cs\/wp-json\/wp\/v2\/media\/10622"}],"wp:attachment":[{"href":"https:\/\/www.nordicflame.sk\/cs\/wp-json\/wp\/v2\/media?parent=7353"}],"curies":[{"name":"wp","href":"https:\/\/api.w.org\/{rel}","templated":true}]}}